{"id":500,"date":"2024-09-17T20:11:06","date_gmt":"2024-09-17T20:11:06","guid":{"rendered":"https:\/\/dachshundmusic.com\/?page_id=500"},"modified":"2024-09-17T20:11:06","modified_gmt":"2024-09-17T20:11:06","slug":"sveinung-bukve","status":"publish","type":"page","link":"https:\/\/dachshundmusic.com\/en\/artists-writer\/sveinung-bukve\/","title":{"rendered":"Sveinung Bukve"},"content":{"rendered":"<div id=\"pl-500\"  class=\"panel-layout\" ><div id=\"pg-500-0\"  class=\"panel-grid panel-no-style\" ><div id=\"pgc-500-0-0\"  class=\"panel-grid-cell\" ><div id=\"panel-500-0-0-0\" class=\"so-panel widget widget_sow-image panel-first-child panel-last-child\" data-index=\"0\" ><div\n\t\t\t\n\t\t\tclass=\"so-widget-sow-image so-widget-sow-image-default-8b5b6f678277-500\"\n\t\t\t\n\t\t>\n<div class=\"sow-image-container\">\n\t\t<img \n\tsrc=\"https:\/\/dachshundmusic.com\/wp-content\/uploads\/sites\/5\/2024\/04\/Bukve_q-scaled.jpg\" width=\"2560\" height=\"2560\" srcset=\"https:\/\/dachshundmusic.com\/wp-content\/uploads\/sites\/5\/2024\/04\/Bukve_q-scaled.jpg 2560w, https:\/\/dachshundmusic.com\/wp-content\/uploads\/sites\/5\/2024\/04\/Bukve_q-300x300.jpg 300w, https:\/\/dachshundmusic.com\/wp-content\/uploads\/sites\/5\/2024\/04\/Bukve_q-1024x1024.jpg 1024w, https:\/\/dachshundmusic.com\/wp-content\/uploads\/sites\/5\/2024\/04\/Bukve_q-150x150.jpg 150w, https:\/\/dachshundmusic.com\/wp-content\/uploads\/sites\/5\/2024\/04\/Bukve_q-768x768.jpg 768w, https:\/\/dachshundmusic.com\/wp-content\/uploads\/sites\/5\/2024\/04\/Bukve_q-1536x1536.jpg 1536w, https:\/\/dachshundmusic.com\/wp-content\/uploads\/sites\/5\/2024\/04\/Bukve_q-2048x2048.jpg 2048w, https:\/\/dachshundmusic.com\/wp-content\/uploads\/sites\/5\/2024\/04\/Bukve_q-12x12.jpg 12w\" sizes=\"(max-width: 2560px) 100vw, 2560px\" title=\"Sveinung Bukve\" alt=\"\" \t\tclass=\"so-widget-image\"\/>\n\t<\/div>\n\n<\/div><\/div><\/div><div id=\"pgc-500-0-1\"  class=\"panel-grid-cell\" ><div id=\"panel-500-0-1-0\" class=\"so-panel widget widget_sow-editor panel-first-child\" data-index=\"1\" ><div\n\t\t\t\n\t\t\tclass=\"so-widget-sow-editor so-widget-sow-editor-base\"\n\t\t\t\n\t\t>\n<div class=\"siteorigin-widget-tinymce textwidget\">\n\t<h1>Sveinung Bukve<\/h1>\n<p><em><strong>Artist \/ Writer<\/strong><\/em><br \/>\n<em><strong>Pop, Alternative, Indie<\/strong><\/em><br \/>\n<em><strong>Bergen, NO<\/strong><\/em><\/p>\n<\/div>\n<\/div><\/div><div id=\"panel-500-0-1-1\" class=\"so-panel widget widget_sow-social-media-buttons\" data-index=\"2\" ><div\n\t\t\t\n\t\t\tclass=\"so-widget-sow-social-media-buttons so-widget-sow-social-media-buttons-atom-c92139033b92-500\"\n\t\t\t\n\t\t>\n\n<div class=\"social-media-button-container\">\n\t\n\t\t<a \n\t\tclass=\"ow-button-hover sow-social-media-button-instagram-0 sow-social-media-button\" title=\"Dachshund Music on Instagram\" aria-label=\"Dachshund Music on Instagram\" target=\"_blank\" rel=\"noopener noreferrer\" href=\"https:\/\/www.instagram.com\/bukvemusic\" \t\t>\n\t\t\t<span>\n\t\t\t\t\t\t\t\t<span class=\"sow-icon-fontawesome sow-fab\" data-sow-icon=\"&#xf16d;\"\n\t\t \n\t\taria-hidden=\"true\"><\/span>\t\t\t\t\t\t\t<\/span>\n\t\t<\/a>\n\t\n\t\t<a \n\t\tclass=\"ow-button-hover sow-social-media-button-facebook-0 sow-social-media-button\" title=\"Dachshund Music on Facebook\" aria-label=\"Dachshund Music on Facebook\" target=\"_blank\" rel=\"noopener noreferrer\" href=\"https:\/\/www.facebook.com\/BUKVEMUSIC\" \t\t>\n\t\t\t<span>\n\t\t\t\t\t\t\t\t<span class=\"sow-icon-fontawesome sow-fab\" data-sow-icon=\"&#xf39e;\"\n\t\t \n\t\taria-hidden=\"true\"><\/span>\t\t\t\t\t\t\t<\/span>\n\t\t<\/a>\n\t\n\t\t<a \n\t\tclass=\"ow-button-hover sow-social-media-button-spotify-0 sow-social-media-button\" title=\"Dachshund Music on Spotify\" aria-label=\"Dachshund Music on Spotify\" target=\"_blank\" rel=\"noopener noreferrer\" href=\"https:\/\/open.spotify.com\/artist\/2tV0vSKdfHDEfhMluL4ngd\" \t\t>\n\t\t\t<span>\n\t\t\t\t\t\t\t\t<span class=\"sow-icon-fontawesome sow-fab\" data-sow-icon=\"&#xf1bc;\"\n\t\t \n\t\taria-hidden=\"true\"><\/span>\t\t\t\t\t\t\t<\/span>\n\t\t<\/a>\n\t<\/div>\n<\/div><\/div><div id=\"panel-500-0-1-2\" class=\"so-panel widget widget_sow-editor panel-last-child\" data-index=\"3\" ><div\n\t\t\t\n\t\t\tclass=\"so-widget-sow-editor so-widget-sow-editor-base\"\n\t\t\t\n\t\t>\n<div class=\"siteorigin-widget-tinymce textwidget\">\n\t<h1>Biography<\/h1>\n<p>With his solo project BUKVE, songwriter Sveinung Fossan Bukve (Bergen, Norway) is travelling all over Europe. His lyrics are very personal and of course everything is written by Sveinung. The ambitious musician is supported by friends and companions who help him to always get the best out of his songs.<\/p>\n<p>He has also contributed to several albums and his songs have been played on BBC Radio, NRK Radio and many other stations around the world.<\/p>\n<\/div>\n<\/div><\/div><\/div><\/div><div id=\"pg-500-1\"  class=\"panel-grid panel-no-style\" ><div id=\"pgc-500-1-0\"  class=\"panel-grid-cell\" ><div id=\"panel-500-1-0-0\" class=\"so-panel widget widget_sow-editor panel-first-child panel-last-child\" data-index=\"4\" ><div\n\t\t\t\n\t\t\tclass=\"so-widget-sow-editor so-widget-sow-editor-base\"\n\t\t\t\n\t\t>\n<div class=\"siteorigin-widget-tinymce textwidget\">\n\t<h3>Tracks<\/h3>\n<\/div>\n<\/div><\/div><\/div><\/div><div id=\"pg-500-2\"  class=\"panel-grid panel-no-style\" ><div id=\"pgc-500-2-0\"  class=\"panel-grid-cell\" ><div id=\"panel-500-2-0-0\" class=\"so-panel widget widget_sow-editor panel-first-child panel-last-child\" data-index=\"5\" ><div\n\t\t\t\n\t\t\tclass=\"so-widget-sow-editor so-widget-sow-editor-base\"\n\t\t\t\n\t\t>\n<div class=\"siteorigin-widget-tinymce textwidget\">\n\t<p><iframe style=\"border-radius:12px\" src=\"https:\/\/open.spotify.com\/embed\/artist\/2tV0vSKdfHDEfhMluL4ngd?utm_source=generator\" width=\"100%\" height=\"352\" frameborder=\"0\" allowfullscreen=\"\" allow=\"autoplay; clipboard-write; encrypted-media; fullscreen; picture-in-picture\" loading=\"lazy\"><\/iframe><\/p>\n<\/div>\n<\/div><\/div><\/div><\/div><\/div>","protected":false},"excerpt":{"rendered":"<p>Sveinung Bukve K\u00fcnstler \/ Autor Pop, Alternative, Indie Bergen, NO Biographie Mit seinem Soloprojekt BUKVE ist der Songwriter Sveinung Fossan Bukve (Bergen, Norwegen) europaweit unterwegs. Seine Texte sind sehr pers\u00f6nlich und selbstverst\u00e4ndlich stammt alles aus Sveinungs Feder. Unterst\u00fctzung erh\u00e4lt der ehrgeizige Musiker von Freunden und Weggef\u00e4hrten, die ihn dabei unterst\u00fctzen, stets das beste aus seinen [&hellip;]<\/p>\n","protected":false},"author":1,"featured_media":0,"parent":245,"menu_order":0,"comment_status":"closed","ping_status":"closed","template":"templates\/template-full.php","meta":{"footnotes":""},"class_list":["post-500","page","type-page","status-publish","hentry","post"],"_links":{"self":[{"href":"https:\/\/dachshundmusic.com\/en\/wp-json\/wp\/v2\/pages\/500","targetHints":{"allow":["GET"]}}],"collection":[{"href":"https:\/\/dachshundmusic.com\/en\/wp-json\/wp\/v2\/pages"}],"about":[{"href":"https:\/\/dachshundmusic.com\/en\/wp-json\/wp\/v2\/types\/page"}],"author":[{"embeddable":true,"href":"https:\/\/dachshundmusic.com\/en\/wp-json\/wp\/v2\/users\/1"}],"replies":[{"embeddable":true,"href":"https:\/\/dachshundmusic.com\/en\/wp-json\/wp\/v2\/comments?post=500"}],"version-history":[{"count":1,"href":"https:\/\/dachshundmusic.com\/en\/wp-json\/wp\/v2\/pages\/500\/revisions"}],"predecessor-version":[{"id":501,"href":"https:\/\/dachshundmusic.com\/en\/wp-json\/wp\/v2\/pages\/500\/revisions\/501"}],"up":[{"embeddable":true,"href":"https:\/\/dachshundmusic.com\/en\/wp-json\/wp\/v2\/pages\/245"}],"wp:attachment":[{"href":"https:\/\/dachshundmusic.com\/en\/wp-json\/wp\/v2\/media?parent=500"}],"curies":[{"name":"wp","href":"https:\/\/api.w.org\/{rel}","templated":true}]}}