{"id":489,"date":"2024-09-17T19:20:32","date_gmt":"2024-09-17T19:20:32","guid":{"rendered":"https:\/\/dachshundmusic.com\/?page_id=489"},"modified":"2024-09-17T19:20:33","modified_gmt":"2024-09-17T19:20:33","slug":"troy-petty","status":"publish","type":"page","link":"https:\/\/dachshundmusic.com\/en\/artists-writer\/troy-petty\/","title":{"rendered":"Troy Petty"},"content":{"rendered":"<div id=\"pl-489\"  class=\"panel-layout\" ><div id=\"pg-489-0\"  class=\"panel-grid panel-no-style\" ><div id=\"pgc-489-0-0\"  class=\"panel-grid-cell\" ><div id=\"panel-489-0-0-0\" class=\"so-panel widget widget_sow-image panel-first-child panel-last-child\" data-index=\"0\" ><div\n\t\t\t\n\t\t\tclass=\"so-widget-sow-image so-widget-sow-image-default-8b5b6f678277-489\"\n\t\t\t\n\t\t>\n<div class=\"sow-image-container\">\n\t\t<img \n\tsrc=\"https:\/\/dachshundmusic.com\/wp-content\/uploads\/sites\/5\/2023\/05\/Troy-Petty-1.jpeg\" width=\"1626\" height=\"1626\" srcset=\"https:\/\/dachshundmusic.com\/wp-content\/uploads\/sites\/5\/2023\/05\/Troy-Petty-1.jpeg 1626w, https:\/\/dachshundmusic.com\/wp-content\/uploads\/sites\/5\/2023\/05\/Troy-Petty-1-300x300.jpeg 300w, https:\/\/dachshundmusic.com\/wp-content\/uploads\/sites\/5\/2023\/05\/Troy-Petty-1-1024x1024.jpeg 1024w, https:\/\/dachshundmusic.com\/wp-content\/uploads\/sites\/5\/2023\/05\/Troy-Petty-1-150x150.jpeg 150w, https:\/\/dachshundmusic.com\/wp-content\/uploads\/sites\/5\/2023\/05\/Troy-Petty-1-768x768.jpeg 768w, https:\/\/dachshundmusic.com\/wp-content\/uploads\/sites\/5\/2023\/05\/Troy-Petty-1-1536x1536.jpeg 1536w, https:\/\/dachshundmusic.com\/wp-content\/uploads\/sites\/5\/2023\/05\/Troy-Petty-1-12x12.jpeg 12w\" sizes=\"(max-width: 1626px) 100vw, 1626px\" title=\"Troy Petty\" alt=\"\" \t\tclass=\"so-widget-image\"\/>\n\t<\/div>\n\n<\/div><\/div><\/div><div id=\"pgc-489-0-1\"  class=\"panel-grid-cell\" ><div id=\"panel-489-0-1-0\" class=\"so-panel widget widget_sow-editor panel-first-child\" data-index=\"1\" ><div\n\t\t\t\n\t\t\tclass=\"so-widget-sow-editor so-widget-sow-editor-base\"\n\t\t\t\n\t\t>\n<div class=\"siteorigin-widget-tinymce textwidget\">\n\t<h1>Troy Petty<\/h1>\n<p><em><strong>Artist<\/strong><\/em><br \/>\n<em><strong>Alternative, Indie<\/strong><\/em><br \/>\n<em><strong>Jade, DE<\/strong><\/em><\/p>\n<\/div>\n<\/div><\/div><div id=\"panel-489-0-1-1\" class=\"so-panel widget widget_sow-social-media-buttons\" data-index=\"2\" ><div\n\t\t\t\n\t\t\tclass=\"so-widget-sow-social-media-buttons so-widget-sow-social-media-buttons-atom-300c6ceebab1-489\"\n\t\t\t\n\t\t>\n\n<div class=\"social-media-button-container\">\n\t\n\t\t<a \n\t\tclass=\"ow-button-hover sow-social-media-button-instagram-0 sow-social-media-button\" title=\"Dachshund Music on Instagram\" aria-label=\"Dachshund Music on Instagram\" target=\"_blank\" rel=\"noopener noreferrer\" href=\"https:\/\/www.instagram.com\/troypettymusic\" \t\t>\n\t\t\t<span>\n\t\t\t\t\t\t\t\t<span class=\"sow-icon-fontawesome sow-fab\" data-sow-icon=\"&#xf16d;\"\n\t\t \n\t\taria-hidden=\"true\"><\/span>\t\t\t\t\t\t\t<\/span>\n\t\t<\/a>\n\t\n\t\t<a \n\t\tclass=\"ow-button-hover sow-social-media-button-tiktok-0 sow-social-media-button\" title=\"Dachshund Music on Tiktok\" aria-label=\"Dachshund Music on Tiktok\" target=\"_blank\" rel=\"noopener noreferrer\" href=\"https:\/\/www.tiktok.com\/@troypettymusic\" \t\t>\n\t\t\t<span>\n\t\t\t\t\t\t\t\t<span class=\"sow-icon-fontawesome sow-fab\" data-sow-icon=\"&#xe07b;\"\n\t\t \n\t\taria-hidden=\"true\"><\/span>\t\t\t\t\t\t\t<\/span>\n\t\t<\/a>\n\t\n\t\t<a \n\t\tclass=\"ow-button-hover sow-social-media-button-facebook-0 sow-social-media-button\" title=\"Dachshund Music on Facebook\" aria-label=\"Dachshund Music on Facebook\" target=\"_blank\" rel=\"noopener noreferrer\" href=\"https:\/\/www.facebook.com\/troypettymusic\" \t\t>\n\t\t\t<span>\n\t\t\t\t\t\t\t\t<span class=\"sow-icon-fontawesome sow-fab\" data-sow-icon=\"&#xf39e;\"\n\t\t \n\t\taria-hidden=\"true\"><\/span>\t\t\t\t\t\t\t<\/span>\n\t\t<\/a>\n\t\n\t\t<a \n\t\tclass=\"ow-button-hover sow-social-media-button-spotify-0 sow-social-media-button\" title=\"Dachshund Music on Spotify\" aria-label=\"Dachshund Music on Spotify\" target=\"_blank\" rel=\"noopener noreferrer\" href=\"https:\/\/open.spotify.com\/artist\/29hYKDmNz1eA7dc2XUusPh\" \t\t>\n\t\t\t<span>\n\t\t\t\t\t\t\t\t<span class=\"sow-icon-fontawesome sow-fab\" data-sow-icon=\"&#xf1bc;\"\n\t\t \n\t\taria-hidden=\"true\"><\/span>\t\t\t\t\t\t\t<\/span>\n\t\t<\/a>\n\t\n\t\t<a \n\t\tclass=\"ow-button-hover sow-social-media-button-youtube-0 sow-social-media-button\" title=\"Dachshund Music on Youtube\" aria-label=\"Dachshund Music on Youtube\" target=\"_blank\" rel=\"noopener noreferrer\" href=\"https:\/\/www.youtube.com\/c\/TroyPettyMusic\" \t\t>\n\t\t\t<span>\n\t\t\t\t\t\t\t\t<span class=\"sow-icon-fontawesome sow-fab\" data-sow-icon=\"&#xf167;\"\n\t\t \n\t\taria-hidden=\"true\"><\/span>\t\t\t\t\t\t\t<\/span>\n\t\t<\/a>\n\t<\/div>\n<\/div><\/div><div id=\"panel-489-0-1-2\" class=\"so-panel widget widget_sow-editor panel-last-child\" data-index=\"3\" ><div\n\t\t\t\n\t\t\tclass=\"so-widget-sow-editor so-widget-sow-editor-base\"\n\t\t\t\n\t\t>\n<div class=\"siteorigin-widget-tinymce textwidget\">\n\t<h1>Biography<\/h1>\n<p>Stories of survival, escape, redemption and regret - singer-songwriter Troy Petty creates songs that are both upsetting and soothing. They are carried by a mixture of indie and polished alternative pop. If you imagine a mixture of REM Placebo and Jeff Buckley, you will get close to the feeling of Troy Petty.<\/p>\n<p>Troy Petty's album \u2018Director's Cut\u2019 is a diverse musical journey that reflects Troy Petty's artistic development and personal experiences. The Chigago native, who now lives in northern Germany, combines different genres and styles to create a unique listening experience. There are no musical boundaries with \u2018Director's Cut\u2019. Both past and present influences from indie and alternative to acoustic and experimental pop come together. Director's Cut\u2019 was created in collaboration with three-time Grammy-nominated drummer and producer Ken Coomer.<\/p>\n<\/div>\n<\/div><\/div><\/div><\/div><div id=\"pg-489-1\"  class=\"panel-grid panel-no-style\" ><div id=\"pgc-489-1-0\"  class=\"panel-grid-cell\" ><div id=\"panel-489-1-0-0\" class=\"so-panel widget widget_sow-editor panel-first-child panel-last-child\" data-index=\"4\" ><div\n\t\t\t\n\t\t\tclass=\"so-widget-sow-editor so-widget-sow-editor-base\"\n\t\t\t\n\t\t>\n<div class=\"siteorigin-widget-tinymce textwidget\">\n\t<h3>Tracks<\/h3>\n<\/div>\n<\/div><\/div><\/div><\/div><div id=\"pg-489-2\"  class=\"panel-grid panel-no-style\" ><div id=\"pgc-489-2-0\"  class=\"panel-grid-cell\" ><div id=\"panel-489-2-0-0\" class=\"so-panel widget widget_sow-editor panel-first-child panel-last-child\" data-index=\"5\" ><div\n\t\t\t\n\t\t\tclass=\"so-widget-sow-editor so-widget-sow-editor-base\"\n\t\t\t\n\t\t>\n<div class=\"siteorigin-widget-tinymce textwidget\">\n\t<p><iframe style=\"border-radius:12px\" src=\"https:\/\/open.spotify.com\/embed\/artist\/29hYKDmNz1eA7dc2XUusPh?utm_source=generator\" width=\"100%\" height=\"352\" frameborder=\"0\" allowfullscreen=\"\" allow=\"autoplay; clipboard-write; encrypted-media; fullscreen; picture-in-picture\" loading=\"lazy\"><\/iframe><\/p>\n<\/div>\n<\/div><\/div><\/div><\/div><div id=\"pg-489-3\"  class=\"panel-grid panel-no-style\" ><div id=\"pgc-489-3-0\"  class=\"panel-grid-cell\" ><div id=\"panel-489-3-0-0\" class=\"so-panel widget widget_sow-editor panel-first-child panel-last-child\" data-index=\"6\" ><div\n\t\t\t\n\t\t\tclass=\"so-widget-sow-editor so-widget-sow-editor-base\"\n\t\t\t\n\t\t>\n<div class=\"siteorigin-widget-tinymce textwidget\">\n\t<h3>Videos<\/h3>\n<\/div>\n<\/div><\/div><\/div><\/div><div id=\"pg-489-4\"  class=\"panel-grid panel-no-style\" ><div id=\"pgc-489-4-0\"  class=\"panel-grid-cell\" ><div id=\"panel-489-4-0-0\" class=\"so-panel widget widget_media_video panel-first-child panel-last-child\" data-index=\"7\" ><h3 class=\"widget-title\">Director&#8217;s Cut (Official Music Video)<\/h3><div style=\"width:100%;\" class=\"wp-video\"><video class=\"wp-video-shortcode\" id=\"video-489-1\" preload=\"metadata\" controls=\"controls\"><source type=\"video\/youtube\" src=\"https:\/\/youtu.be\/iuE7xTKJlyc?si=BhO1OsIFLlPLiCs1&#038;_=1\" \/><a href=\"https:\/\/youtu.be\/iuE7xTKJlyc?si=BhO1OsIFLlPLiCs1\">https:\/\/youtu.be\/iuE7xTKJlyc?si=BhO1OsIFLlPLiCs1<\/a><\/video><\/div><\/div><\/div><div id=\"pgc-489-4-1\"  class=\"panel-grid-cell\" ><div id=\"panel-489-4-1-0\" class=\"so-panel widget widget_media_video panel-first-child panel-last-child\" data-index=\"8\" ><h3 class=\"widget-title\">Rebel Bones (Official Music Video)<\/h3><div style=\"width:100%;\" class=\"wp-video\"><video class=\"wp-video-shortcode\" id=\"video-489-2\" preload=\"metadata\" controls=\"controls\"><source type=\"video\/youtube\" src=\"https:\/\/youtu.be\/cT3DtVT_SYg?si=wkhYqFIKF1wiuBJY&#038;_=2\" \/><a href=\"https:\/\/youtu.be\/cT3DtVT_SYg?si=wkhYqFIKF1wiuBJY\">https:\/\/youtu.be\/cT3DtVT_SYg?si=wkhYqFIKF1wiuBJY<\/a><\/video><\/div><\/div><\/div><\/div><\/div>","protected":false},"excerpt":{"rendered":"<p>Troy Petty K\u00fcnstler Alternative, Indie Jade, DE Biographie Geschichten vom \u00dcberleben, von Flucht, Erl\u00f6sung und Reue &#8211; der Singer-Songwriter Troy Petty kreiert Songs, die sowohl aufw\u00fchlen als auch beruhigen. Getragen werden sie von einer Mischung aus Indie und poliertem Alternative-Pop. Wer sich eine Mischung aus REM Placebo und Jeff Buckley vorstellt, kommt dem Gef\u00fchl von [&hellip;]<\/p>\n","protected":false},"author":1,"featured_media":0,"parent":245,"menu_order":0,"comment_status":"closed","ping_status":"closed","template":"templates\/template-full.php","meta":{"footnotes":""},"class_list":["post-489","page","type-page","status-publish","hentry","post"],"_links":{"self":[{"href":"https:\/\/dachshundmusic.com\/en\/wp-json\/wp\/v2\/pages\/489","targetHints":{"allow":["GET"]}}],"collection":[{"href":"https:\/\/dachshundmusic.com\/en\/wp-json\/wp\/v2\/pages"}],"about":[{"href":"https:\/\/dachshundmusic.com\/en\/wp-json\/wp\/v2\/types\/page"}],"author":[{"embeddable":true,"href":"https:\/\/dachshundmusic.com\/en\/wp-json\/wp\/v2\/users\/1"}],"replies":[{"embeddable":true,"href":"https:\/\/dachshundmusic.com\/en\/wp-json\/wp\/v2\/comments?post=489"}],"version-history":[{"count":2,"href":"https:\/\/dachshundmusic.com\/en\/wp-json\/wp\/v2\/pages\/489\/revisions"}],"predecessor-version":[{"id":491,"href":"https:\/\/dachshundmusic.com\/en\/wp-json\/wp\/v2\/pages\/489\/revisions\/491"}],"up":[{"embeddable":true,"href":"https:\/\/dachshundmusic.com\/en\/wp-json\/wp\/v2\/pages\/245"}],"wp:attachment":[{"href":"https:\/\/dachshundmusic.com\/en\/wp-json\/wp\/v2\/media?parent=489"}],"curies":[{"name":"wp","href":"https:\/\/api.w.org\/{rel}","templated":true}]}}