{"id":470,"date":"2024-09-17T15:39:00","date_gmt":"2024-09-17T15:39:00","guid":{"rendered":"https:\/\/dachshundmusic.com\/?page_id=470"},"modified":"2024-09-17T15:39:00","modified_gmt":"2024-09-17T15:39:00","slug":"krueger-meyer","status":"publish","type":"page","link":"https:\/\/dachshundmusic.com\/en\/artists-writer\/krueger-meyer\/","title":{"rendered":"Kr\u00fcger + Meyer"},"content":{"rendered":"<div id=\"pl-470\"  class=\"panel-layout\" ><div id=\"pg-470-0\"  class=\"panel-grid panel-no-style\" ><div id=\"pgc-470-0-0\"  class=\"panel-grid-cell\" ><div id=\"panel-470-0-0-0\" class=\"so-panel widget widget_sow-image panel-first-child panel-last-child\" data-index=\"0\" ><div\n\t\t\t\n\t\t\tclass=\"so-widget-sow-image so-widget-sow-image-default-8b5b6f678277-470\"\n\t\t\t\n\t\t>\n<div class=\"sow-image-container\">\n\t\t<img \n\tsrc=\"https:\/\/dachshundmusic.com\/wp-content\/uploads\/sites\/5\/2023\/05\/Kruegermeyer-1.jpeg\" width=\"1599\" height=\"1599\" srcset=\"https:\/\/dachshundmusic.com\/wp-content\/uploads\/sites\/5\/2023\/05\/Kruegermeyer-1.jpeg 1599w, https:\/\/dachshundmusic.com\/wp-content\/uploads\/sites\/5\/2023\/05\/Kruegermeyer-1-300x300.jpeg 300w, https:\/\/dachshundmusic.com\/wp-content\/uploads\/sites\/5\/2023\/05\/Kruegermeyer-1-1024x1024.jpeg 1024w, https:\/\/dachshundmusic.com\/wp-content\/uploads\/sites\/5\/2023\/05\/Kruegermeyer-1-150x150.jpeg 150w, https:\/\/dachshundmusic.com\/wp-content\/uploads\/sites\/5\/2023\/05\/Kruegermeyer-1-768x768.jpeg 768w, https:\/\/dachshundmusic.com\/wp-content\/uploads\/sites\/5\/2023\/05\/Kruegermeyer-1-1536x1536.jpeg 1536w, https:\/\/dachshundmusic.com\/wp-content\/uploads\/sites\/5\/2023\/05\/Kruegermeyer-1-12x12.jpeg 12w\" sizes=\"(max-width: 1599px) 100vw, 1599px\" title=\"Krueger + Meyer\" alt=\"\" \t\tclass=\"so-widget-image\"\/>\n\t<\/div>\n\n<\/div><\/div><\/div><div id=\"pgc-470-0-1\"  class=\"panel-grid-cell\" ><div id=\"panel-470-0-1-0\" class=\"so-panel widget widget_sow-editor panel-first-child\" data-index=\"1\" ><div\n\t\t\t\n\t\t\tclass=\"so-widget-sow-editor so-widget-sow-editor-base\"\n\t\t\t\n\t\t>\n<div class=\"siteorigin-widget-tinymce textwidget\">\n\t<h1>Kr\u00fcger+Meyer<\/h1>\n<p><em><strong>Artist \/ Producer \/ Remixer<\/strong><\/em><br \/>\n<em><strong>House, Techno<\/strong><\/em><br \/>\n<em><strong>Hildesheim, DE<\/strong><\/em><\/p>\n<\/div>\n<\/div><\/div><div id=\"panel-470-0-1-1\" class=\"so-panel widget widget_sow-social-media-buttons\" data-index=\"2\" ><div\n\t\t\t\n\t\t\tclass=\"so-widget-sow-social-media-buttons so-widget-sow-social-media-buttons-atom-3420f999e500-470\"\n\t\t\t\n\t\t>\n\n<div class=\"social-media-button-container\">\n\t\n\t\t<a \n\t\tclass=\"ow-button-hover sow-social-media-button-instagram-0 sow-social-media-button\" title=\"Dachshund Music on Instagram\" aria-label=\"Dachshund Music on Instagram\" target=\"_blank\" rel=\"noopener noreferrer\" href=\"https:\/\/www.instagram.com\/kruegerplusmeyer\" \t\t>\n\t\t\t<span>\n\t\t\t\t\t\t\t\t<span class=\"sow-icon-fontawesome sow-fab\" data-sow-icon=\"&#xf16d;\"\n\t\t \n\t\taria-hidden=\"true\"><\/span>\t\t\t\t\t\t\t<\/span>\n\t\t<\/a>\n\t\n\t\t<a \n\t\tclass=\"ow-button-hover sow-social-media-button-facebook-0 sow-social-media-button\" title=\"Dachshund Music on Facebook\" aria-label=\"Dachshund Music on Facebook\" target=\"_blank\" rel=\"noopener noreferrer\" href=\"https:\/\/www.facebook.com\/kruegerplusmeyer\" \t\t>\n\t\t\t<span>\n\t\t\t\t\t\t\t\t<span class=\"sow-icon-fontawesome sow-fab\" data-sow-icon=\"&#xf39e;\"\n\t\t \n\t\taria-hidden=\"true\"><\/span>\t\t\t\t\t\t\t<\/span>\n\t\t<\/a>\n\t\n\t\t<a \n\t\tclass=\"ow-button-hover sow-social-media-button-spotify-0 sow-social-media-button\" title=\"Dachshund Music on Spotify\" aria-label=\"Dachshund Music on Spotify\" target=\"_blank\" rel=\"noopener noreferrer\" href=\"https:\/\/open.spotify.com\/artist\/2XgRqiiKck29ook9Pvh20k\" \t\t>\n\t\t\t<span>\n\t\t\t\t\t\t\t\t<span class=\"sow-icon-fontawesome sow-fab\" data-sow-icon=\"&#xf1bc;\"\n\t\t \n\t\taria-hidden=\"true\"><\/span>\t\t\t\t\t\t\t<\/span>\n\t\t<\/a>\n\t\n\t\t<a \n\t\tclass=\"ow-button-hover sow-social-media-button-soundcloud-0 sow-social-media-button\" title=\"Dachshund Music on Soundcloud\" aria-label=\"Dachshund Music on Soundcloud\" target=\"_blank\" rel=\"noopener noreferrer\" href=\"https:\/\/soundcloud.com\/krugermeyer\" \t\t>\n\t\t\t<span>\n\t\t\t\t\t\t\t\t<span class=\"sow-icon-fontawesome sow-fab\" data-sow-icon=\"&#xf1be;\"\n\t\t \n\t\taria-hidden=\"true\"><\/span>\t\t\t\t\t\t\t<\/span>\n\t\t<\/a>\n\t<\/div>\n<\/div><\/div><div id=\"panel-470-0-1-2\" class=\"so-panel widget widget_sow-editor panel-last-child\" data-index=\"3\" ><div\n\t\t\t\n\t\t\tclass=\"so-widget-sow-editor so-widget-sow-editor-base\"\n\t\t\t\n\t\t>\n<div class=\"siteorigin-widget-tinymce textwidget\">\n\t<h1>Biography<\/h1>\n<p>Kr\u00fcger + Meyer themselves are already \u2018old hands\u2019 in the electronic music business. They have been on the decks for a good ten years. It all began in October 2008, when Benedikt Kr\u00fcger and Julian Meyer were given the opportunity to play a few records in the empty rooms of an old carpenter's workshop. Little by little, they continue to develop themselves and their musical venue. The result is the \u2018Spielzimmer\u2019, where the Spielkinder - as Kr\u00fcger + Meyer call themselves at the beginning - regularly invite guests to a tea dance with a shot. The \u2018Spielkinder &amp; Friendz\u2019 party series, to which they also invite DJs from the neighbourhood, becomes one of the most popular parties in the area. The beginning of a success story.<\/p>\n<\/div>\n<\/div><\/div><\/div><\/div><div id=\"pg-470-1\"  class=\"panel-grid panel-no-style\" ><div id=\"pgc-470-1-0\"  class=\"panel-grid-cell\" ><div id=\"panel-470-1-0-0\" class=\"so-panel widget widget_sow-editor panel-first-child panel-last-child\" data-index=\"4\" ><div\n\t\t\t\n\t\t\tclass=\"so-widget-sow-editor so-widget-sow-editor-base\"\n\t\t\t\n\t\t>\n<div class=\"siteorigin-widget-tinymce textwidget\">\n\t<h3>Tracks<\/h3>\n<\/div>\n<\/div><\/div><\/div><\/div><div id=\"pg-470-2\"  class=\"panel-grid panel-no-style\" ><div id=\"pgc-470-2-0\"  class=\"panel-grid-cell\" ><div id=\"panel-470-2-0-0\" class=\"so-panel widget widget_sow-editor panel-first-child panel-last-child\" data-index=\"5\" ><div\n\t\t\t\n\t\t\tclass=\"so-widget-sow-editor so-widget-sow-editor-base\"\n\t\t\t\n\t\t>\n<div class=\"siteorigin-widget-tinymce textwidget\">\n\t<p><iframe style=\"border-radius:12px\" src=\"https:\/\/open.spotify.com\/embed\/artist\/2XgRqiiKck29ook9Pvh20k?utm_source=generator\" width=\"100%\" height=\"352\" frameborder=\"0\" allowfullscreen=\"\" allow=\"autoplay; clipboard-write; encrypted-media; fullscreen; picture-in-picture\" loading=\"lazy\"><\/iframe><\/p>\n<\/div>\n<\/div><\/div><\/div><\/div><\/div>","protected":false},"excerpt":{"rendered":"<p>Kr\u00fcger+Meyer K\u00fcnstler \/ Produzent \/ Remixer House, Techno Hildesheim, DE Biographie Kr\u00fcger + Meyer selbst sind schon \u201ealte Hasen\u201c im Gesch\u00e4ft der elektronischen Musik. Sie stehen bereits seit gut zehn Jahren an den Decks. Alles beginnt im Oktober 2008, als Benedikt Kr\u00fcger und Julian Meyer die M\u00f6glichkeit bekommen, in den leeren R\u00e4umen einer alten Tischlerei [&hellip;]<\/p>\n","protected":false},"author":1,"featured_media":0,"parent":245,"menu_order":0,"comment_status":"closed","ping_status":"closed","template":"templates\/template-full.php","meta":{"footnotes":""},"class_list":["post-470","page","type-page","status-publish","hentry","post"],"_links":{"self":[{"href":"https:\/\/dachshundmusic.com\/en\/wp-json\/wp\/v2\/pages\/470","targetHints":{"allow":["GET"]}}],"collection":[{"href":"https:\/\/dachshundmusic.com\/en\/wp-json\/wp\/v2\/pages"}],"about":[{"href":"https:\/\/dachshundmusic.com\/en\/wp-json\/wp\/v2\/types\/page"}],"author":[{"embeddable":true,"href":"https:\/\/dachshundmusic.com\/en\/wp-json\/wp\/v2\/users\/1"}],"replies":[{"embeddable":true,"href":"https:\/\/dachshundmusic.com\/en\/wp-json\/wp\/v2\/comments?post=470"}],"version-history":[{"count":2,"href":"https:\/\/dachshundmusic.com\/en\/wp-json\/wp\/v2\/pages\/470\/revisions"}],"predecessor-version":[{"id":472,"href":"https:\/\/dachshundmusic.com\/en\/wp-json\/wp\/v2\/pages\/470\/revisions\/472"}],"up":[{"embeddable":true,"href":"https:\/\/dachshundmusic.com\/en\/wp-json\/wp\/v2\/pages\/245"}],"wp:attachment":[{"href":"https:\/\/dachshundmusic.com\/en\/wp-json\/wp\/v2\/media?parent=470"}],"curies":[{"name":"wp","href":"https:\/\/api.w.org\/{rel}","templated":true}]}}