{"id":463,"date":"2024-09-16T18:31:21","date_gmt":"2024-09-16T18:31:21","guid":{"rendered":"https:\/\/dachshundmusic.com\/?page_id=463"},"modified":"2024-09-16T18:31:26","modified_gmt":"2024-09-16T18:31:26","slug":"irini","status":"publish","type":"page","link":"https:\/\/dachshundmusic.com\/en\/artists-writer\/irini\/","title":{"rendered":"Irini"},"content":{"rendered":"<div id=\"pl-463\"  class=\"panel-layout\" ><div id=\"pg-463-0\"  class=\"panel-grid panel-no-style\" ><div id=\"pgc-463-0-0\"  class=\"panel-grid-cell\" ><div id=\"panel-463-0-0-0\" class=\"so-panel widget widget_sow-image panel-first-child panel-last-child\" data-index=\"0\" ><div\n\t\t\t\n\t\t\tclass=\"so-widget-sow-image so-widget-sow-image-default-8b5b6f678277-463\"\n\t\t\t\n\t\t>\n<div class=\"sow-image-container\">\n\t\t<img \n\tsrc=\"https:\/\/dachshundmusic.com\/wp-content\/uploads\/sites\/5\/2024\/04\/Irini_Quadrat.jpg\" width=\"1824\" height=\"1824\" srcset=\"https:\/\/dachshundmusic.com\/wp-content\/uploads\/sites\/5\/2024\/04\/Irini_Quadrat.jpg 1824w, https:\/\/dachshundmusic.com\/wp-content\/uploads\/sites\/5\/2024\/04\/Irini_Quadrat-300x300.jpg 300w, https:\/\/dachshundmusic.com\/wp-content\/uploads\/sites\/5\/2024\/04\/Irini_Quadrat-1024x1024.jpg 1024w, https:\/\/dachshundmusic.com\/wp-content\/uploads\/sites\/5\/2024\/04\/Irini_Quadrat-150x150.jpg 150w, https:\/\/dachshundmusic.com\/wp-content\/uploads\/sites\/5\/2024\/04\/Irini_Quadrat-768x768.jpg 768w, https:\/\/dachshundmusic.com\/wp-content\/uploads\/sites\/5\/2024\/04\/Irini_Quadrat-1536x1536.jpg 1536w, https:\/\/dachshundmusic.com\/wp-content\/uploads\/sites\/5\/2024\/04\/Irini_Quadrat-12x12.jpg 12w\" sizes=\"(max-width: 1824px) 100vw, 1824px\" title=\"Irini\" alt=\"\" \t\tclass=\"so-widget-image\"\/>\n\t<\/div>\n\n<\/div><\/div><\/div><div id=\"pgc-463-0-1\"  class=\"panel-grid-cell\" ><div id=\"panel-463-0-1-0\" class=\"so-panel widget widget_sow-editor panel-first-child\" data-index=\"1\" ><div\n\t\t\t\n\t\t\tclass=\"so-widget-sow-editor so-widget-sow-editor-base\"\n\t\t\t\n\t\t>\n<div class=\"siteorigin-widget-tinymce textwidget\">\n\t<h1>Irini<\/h1>\n<p><em><strong>Artist \/ Writer<\/strong><\/em><br \/>\n<em><strong>Indie, Singer-Songwriter<\/strong><\/em><br \/>\n<em><strong>Berlin, DE<\/strong><\/em><\/p>\n<\/div>\n<\/div><\/div><div id=\"panel-463-0-1-1\" class=\"so-panel widget widget_sow-social-media-buttons\" data-index=\"2\" ><div\n\t\t\t\n\t\t\tclass=\"so-widget-sow-social-media-buttons so-widget-sow-social-media-buttons-atom-f725cee0c166-463\"\n\t\t\t\n\t\t>\n\n<div class=\"social-media-button-container\">\n\t\n\t\t<a \n\t\tclass=\"ow-button-hover sow-social-media-button-instagram-0 sow-social-media-button\" title=\"Dachshund Music on Instagram\" aria-label=\"Dachshund Music on Instagram\" target=\"_blank\" rel=\"noopener noreferrer\" href=\"https:\/\/www.instagram.com\/ilinyy\" \t\t>\n\t\t\t<span>\n\t\t\t\t\t\t\t\t<span class=\"sow-icon-fontawesome sow-fab\" data-sow-icon=\"&#xf16d;\"\n\t\t \n\t\taria-hidden=\"true\"><\/span>\t\t\t\t\t\t\t<\/span>\n\t\t<\/a>\n\t\n\t\t<a \n\t\tclass=\"ow-button-hover sow-social-media-button-facebook-0 sow-social-media-button\" title=\"Dachshund Music on Facebook\" aria-label=\"Dachshund Music on Facebook\" target=\"_blank\" rel=\"noopener noreferrer\" href=\"https:\/\/www.facebook.com\/irini.music\" \t\t>\n\t\t\t<span>\n\t\t\t\t\t\t\t\t<span class=\"sow-icon-fontawesome sow-fab\" data-sow-icon=\"&#xf39e;\"\n\t\t \n\t\taria-hidden=\"true\"><\/span>\t\t\t\t\t\t\t<\/span>\n\t\t<\/a>\n\t\n\t\t<a \n\t\tclass=\"ow-button-hover sow-social-media-button-spotify-0 sow-social-media-button\" title=\"Dachshund Music on Spotify\" aria-label=\"Dachshund Music on Spotify\" target=\"_blank\" rel=\"noopener noreferrer\" href=\"https:\/\/open.spotify.com\/artist\/3GhLZ9lfP2jfIN5d6J6gmJ\" \t\t>\n\t\t\t<span>\n\t\t\t\t\t\t\t\t<span class=\"sow-icon-fontawesome sow-fab\" data-sow-icon=\"&#xf1bc;\"\n\t\t \n\t\taria-hidden=\"true\"><\/span>\t\t\t\t\t\t\t<\/span>\n\t\t<\/a>\n\t\n\t\t<a \n\t\tclass=\"ow-button-hover sow-social-media-button-youtube-0 sow-social-media-button\" title=\"Dachshund Music on Youtube\" aria-label=\"Dachshund Music on Youtube\" target=\"_blank\" rel=\"noopener noreferrer\" href=\"https:\/\/music.youtube.com\/channel\/UCqTF0uaeZvyPhlK7POIZjvQ\" \t\t>\n\t\t\t<span>\n\t\t\t\t\t\t\t\t<span class=\"sow-icon-fontawesome sow-fab\" data-sow-icon=\"&#xf167;\"\n\t\t \n\t\taria-hidden=\"true\"><\/span>\t\t\t\t\t\t\t<\/span>\n\t\t<\/a>\n\t<\/div>\n<\/div><\/div><div id=\"panel-463-0-1-2\" class=\"so-panel widget widget_sow-editor panel-last-child\" data-index=\"3\" ><div\n\t\t\t\n\t\t\tclass=\"so-widget-sow-editor so-widget-sow-editor-base\"\n\t\t\t\n\t\t>\n<div class=\"siteorigin-widget-tinymce textwidget\">\n\t<h1>Biography<\/h1>\n<p>She is a storyteller who paints pictures with instruments and words. Her music combines soulful melodies and perceptive lyrics, restraint and strong emotions. In Irini's songs, piano sounds meet various vocal techniques and experimental production approaches. The result is a mixture of melancholic folk and indie pop - the main thing is powerful vocals. What drives Irini? Everything she learnt during her studies in sociology and philosophy. \u2018That's why many of my lyrics contain socio-critical and thought-provoking messages,\u2019 says Irini. A significant event in her career to date was the organisation, execution and performance at a charity concert called \u2018Berlin Bridge\u2019, which raised more than 1,000 euros for the Berliner Obdachlosenhilfe e.V. charity. At this show, Irini created an atmosphere of communication through music. Her aim is to bring people together, make them think and prove that we all share a collective loneliness. She does this very well in her current music.<\/p>\n<\/div>\n<\/div><\/div><\/div><\/div><div id=\"pg-463-1\"  class=\"panel-grid panel-no-style\" ><div id=\"pgc-463-1-0\"  class=\"panel-grid-cell\" ><div id=\"panel-463-1-0-0\" class=\"so-panel widget widget_sow-editor panel-first-child panel-last-child\" data-index=\"4\" ><div\n\t\t\t\n\t\t\tclass=\"so-widget-sow-editor so-widget-sow-editor-base\"\n\t\t\t\n\t\t>\n<div class=\"siteorigin-widget-tinymce textwidget\">\n\t<h3>Tracks<\/h3>\n<\/div>\n<\/div><\/div><\/div><\/div><div id=\"pg-463-2\"  class=\"panel-grid panel-no-style\" ><div id=\"pgc-463-2-0\"  class=\"panel-grid-cell\" ><div id=\"panel-463-2-0-0\" class=\"so-panel widget widget_sow-editor panel-first-child panel-last-child\" data-index=\"5\" ><div\n\t\t\t\n\t\t\tclass=\"so-widget-sow-editor so-widget-sow-editor-base\"\n\t\t\t\n\t\t>\n<div class=\"siteorigin-widget-tinymce textwidget\">\n\t<p><iframe style=\"border-radius:12px\" src=\"https:\/\/open.spotify.com\/embed\/artist\/3GhLZ9lfP2jfIN5d6J6gmJ?utm_source=generator\" width=\"100%\" height=\"352\" frameborder=\"0\" allowfullscreen=\"\" allow=\"autoplay; clipboard-write; encrypted-media; fullscreen; picture-in-picture\" loading=\"lazy\"><\/iframe><\/p>\n<\/div>\n<\/div><\/div><\/div><\/div><\/div>","protected":false},"excerpt":{"rendered":"<p>Irini K\u00fcnstlerin \/ Autorin Indie, Singer-Songwriter Berlin, DE Biographie Sie ist eine Geschichtenerz\u00e4hlerin, die mit Instrumenten und Worten Bilder malt. Ihre Musik vereint gef\u00fchlvolle Melodien und scharfsinnige Texte, Zur\u00fcckhaltung und starke Emotionen. In Irinis Songs treffen Klaviersounds auf verschiedene Gesangstechniken sowie experimentelle Produktionsans\u00e4te. Raus kommt eine Mischung aus melancholischem Folk und Indie-Pop \u2013 Hauptsache stimmgewaltig. [&hellip;]<\/p>\n","protected":false},"author":1,"featured_media":0,"parent":245,"menu_order":0,"comment_status":"closed","ping_status":"closed","template":"templates\/template-full.php","meta":{"footnotes":""},"class_list":["post-463","page","type-page","status-publish","hentry","post"],"_links":{"self":[{"href":"https:\/\/dachshundmusic.com\/en\/wp-json\/wp\/v2\/pages\/463","targetHints":{"allow":["GET"]}}],"collection":[{"href":"https:\/\/dachshundmusic.com\/en\/wp-json\/wp\/v2\/pages"}],"about":[{"href":"https:\/\/dachshundmusic.com\/en\/wp-json\/wp\/v2\/types\/page"}],"author":[{"embeddable":true,"href":"https:\/\/dachshundmusic.com\/en\/wp-json\/wp\/v2\/users\/1"}],"replies":[{"embeddable":true,"href":"https:\/\/dachshundmusic.com\/en\/wp-json\/wp\/v2\/comments?post=463"}],"version-history":[{"count":2,"href":"https:\/\/dachshundmusic.com\/en\/wp-json\/wp\/v2\/pages\/463\/revisions"}],"predecessor-version":[{"id":465,"href":"https:\/\/dachshundmusic.com\/en\/wp-json\/wp\/v2\/pages\/463\/revisions\/465"}],"up":[{"embeddable":true,"href":"https:\/\/dachshundmusic.com\/en\/wp-json\/wp\/v2\/pages\/245"}],"wp:attachment":[{"href":"https:\/\/dachshundmusic.com\/en\/wp-json\/wp\/v2\/media?parent=463"}],"curies":[{"name":"wp","href":"https:\/\/api.w.org\/{rel}","templated":true}]}}