{"id":458,"date":"2024-09-16T18:12:58","date_gmt":"2024-09-16T18:12:58","guid":{"rendered":"https:\/\/dachshundmusic.com\/?page_id=458"},"modified":"2024-09-16T18:38:52","modified_gmt":"2024-09-16T18:38:52","slug":"haector","status":"publish","type":"page","link":"https:\/\/dachshundmusic.com\/en\/artists-writer\/haector\/","title":{"rendered":"Haector"},"content":{"rendered":"<div id=\"pl-458\"  class=\"panel-layout\" ><div id=\"pg-458-0\"  class=\"panel-grid panel-no-style\" ><div id=\"pgc-458-0-0\"  class=\"panel-grid-cell\" ><div id=\"panel-458-0-0-0\" class=\"so-panel widget widget_sow-image panel-first-child panel-last-child\" data-index=\"0\" ><div\n\t\t\t\n\t\t\tclass=\"so-widget-sow-image so-widget-sow-image-default-8b5b6f678277-458\"\n\t\t\t\n\t\t>\n<div class=\"sow-image-container\">\n\t\t<img \n\tsrc=\"https:\/\/dachshundmusic.com\/wp-content\/uploads\/sites\/5\/2023\/05\/HAECTOR.jpeg\" width=\"1339\" height=\"1339\" srcset=\"https:\/\/dachshundmusic.com\/wp-content\/uploads\/sites\/5\/2023\/05\/HAECTOR.jpeg 1339w, https:\/\/dachshundmusic.com\/wp-content\/uploads\/sites\/5\/2023\/05\/HAECTOR-300x300.jpeg 300w, https:\/\/dachshundmusic.com\/wp-content\/uploads\/sites\/5\/2023\/05\/HAECTOR-1024x1024.jpeg 1024w, https:\/\/dachshundmusic.com\/wp-content\/uploads\/sites\/5\/2023\/05\/HAECTOR-150x150.jpeg 150w, https:\/\/dachshundmusic.com\/wp-content\/uploads\/sites\/5\/2023\/05\/HAECTOR-768x768.jpeg 768w, https:\/\/dachshundmusic.com\/wp-content\/uploads\/sites\/5\/2023\/05\/HAECTOR-12x12.jpeg 12w\" sizes=\"(max-width: 1339px) 100vw, 1339px\" title=\"H\u00c6CTOR\" alt=\"\" \t\tclass=\"so-widget-image\"\/>\n\t<\/div>\n\n<\/div><\/div><\/div><div id=\"pgc-458-0-1\"  class=\"panel-grid-cell\" ><div id=\"panel-458-0-1-0\" class=\"so-panel widget widget_sow-editor panel-first-child\" data-index=\"1\" ><div\n\t\t\t\n\t\t\tclass=\"so-widget-sow-editor so-widget-sow-editor-base\"\n\t\t\t\n\t\t>\n<div class=\"siteorigin-widget-tinymce textwidget\">\n\t<h1>H\u00c6CTOR<\/h1>\n<p><em><strong>Artist<\/strong><\/em><br \/>\n<em><strong>Indie Pop<\/strong><\/em><br \/>\n<em><strong>Hamburg, DE<\/strong><\/em><\/p>\n<\/div>\n<\/div><\/div><div id=\"panel-458-0-1-1\" class=\"so-panel widget widget_sow-social-media-buttons\" data-index=\"2\" ><div\n\t\t\t\n\t\t\tclass=\"so-widget-sow-social-media-buttons so-widget-sow-social-media-buttons-atom-300c6ceebab1-458\"\n\t\t\t\n\t\t>\n\n<div class=\"social-media-button-container\">\n\t\n\t\t<a \n\t\tclass=\"ow-button-hover sow-social-media-button-instagram-0 sow-social-media-button\" title=\"Dachshund Music on Instagram\" aria-label=\"Dachshund Music on Instagram\" target=\"_blank\" rel=\"noopener noreferrer\" href=\"https:\/\/www.instagram.com\/haectorofficial\" \t\t>\n\t\t\t<span>\n\t\t\t\t\t\t\t\t<span class=\"sow-icon-fontawesome sow-fab\" data-sow-icon=\"&#xf16d;\"\n\t\t \n\t\taria-hidden=\"true\"><\/span>\t\t\t\t\t\t\t<\/span>\n\t\t<\/a>\n\t\n\t\t<a \n\t\tclass=\"ow-button-hover sow-social-media-button-tiktok-0 sow-social-media-button\" title=\"Dachshund Music on Tiktok\" aria-label=\"Dachshund Music on Tiktok\" target=\"_blank\" rel=\"noopener noreferrer\" href=\"https:\/\/www.tiktok.com\/@haector\" \t\t>\n\t\t\t<span>\n\t\t\t\t\t\t\t\t<span class=\"sow-icon-fontawesome sow-fab\" data-sow-icon=\"&#xe07b;\"\n\t\t \n\t\taria-hidden=\"true\"><\/span>\t\t\t\t\t\t\t<\/span>\n\t\t<\/a>\n\t\n\t\t<a \n\t\tclass=\"ow-button-hover sow-social-media-button-facebook-0 sow-social-media-button\" title=\"Dachshund Music on Facebook\" aria-label=\"Dachshund Music on Facebook\" target=\"_blank\" rel=\"noopener noreferrer\" href=\"https:\/\/www.facebook.com\/haectorofficial\" \t\t>\n\t\t\t<span>\n\t\t\t\t\t\t\t\t<span class=\"sow-icon-fontawesome sow-fab\" data-sow-icon=\"&#xf39e;\"\n\t\t \n\t\taria-hidden=\"true\"><\/span>\t\t\t\t\t\t\t<\/span>\n\t\t<\/a>\n\t\n\t\t<a \n\t\tclass=\"ow-button-hover sow-social-media-button-spotify-0 sow-social-media-button\" title=\"Dachshund Music on Spotify\" aria-label=\"Dachshund Music on Spotify\" target=\"_blank\" rel=\"noopener noreferrer\" href=\"https:\/\/open.spotify.com\/artist\/589mGvuEPlppLiP3qTeqpk\" \t\t>\n\t\t\t<span>\n\t\t\t\t\t\t\t\t<span class=\"sow-icon-fontawesome sow-fab\" data-sow-icon=\"&#xf1bc;\"\n\t\t \n\t\taria-hidden=\"true\"><\/span>\t\t\t\t\t\t\t<\/span>\n\t\t<\/a>\n\t\n\t\t<a \n\t\tclass=\"ow-button-hover sow-social-media-button-youtube-0 sow-social-media-button\" title=\"Dachshund Music on Youtube\" aria-label=\"Dachshund Music on Youtube\" target=\"_blank\" rel=\"noopener noreferrer\" href=\"https:\/\/www.youtube.com\/channel\/UCQx6tk8WIHQ3XxSAtledBAg\" \t\t>\n\t\t\t<span>\n\t\t\t\t\t\t\t\t<span class=\"sow-icon-fontawesome sow-fab\" data-sow-icon=\"&#xf167;\"\n\t\t \n\t\taria-hidden=\"true\"><\/span>\t\t\t\t\t\t\t<\/span>\n\t\t<\/a>\n\t<\/div>\n<\/div><\/div><div id=\"panel-458-0-1-2\" class=\"so-panel widget widget_sow-editor panel-last-child\" data-index=\"3\" ><div\n\t\t\t\n\t\t\tclass=\"so-widget-sow-editor so-widget-sow-editor-base\"\n\t\t\t\n\t\t>\n<div class=\"siteorigin-widget-tinymce textwidget\">\n\t<h1>Biography<\/h1>\n<p>They rocked the Reeperbahn Festival 2022 and The Great Escape Festival 2023! That alone tells you an incredible amount about the quality of the band's music. H\u00c6CTOR have been a permanent part of the Hamburg music scene since 2017. In June 2022, the long-awaited and much-celebrated debut album \u2018Modern Urban Angst\u2019 was released, containing ten songs. The band led by Martin Wendt (vocals), Christopher Kellner (guitar), Christoph Rosemeier (drums) and Lena Sch\u00f6llermann (bass) describe their style as follows: \u2018monumentally electrifying indie pop paired with euphoria and melancholy.\u2019 The band focuses specifically on creaky-sounding rhythms with subtle, caustic criticism of the times, paired with likeable, casual humour and a lot of confidence - and reinvent themselves time and again. H\u00c6CTOR produces all songs in co-operation with the renowned producer Henrik Menzel.<\/p>\n<\/div>\n<\/div><\/div><\/div><\/div><div id=\"pg-458-1\"  class=\"panel-grid panel-no-style\" ><div id=\"pgc-458-1-0\"  class=\"panel-grid-cell\" ><div id=\"panel-458-1-0-0\" class=\"so-panel widget widget_sow-editor panel-first-child panel-last-child\" data-index=\"4\" ><div\n\t\t\t\n\t\t\tclass=\"so-widget-sow-editor so-widget-sow-editor-base\"\n\t\t\t\n\t\t>\n<div class=\"siteorigin-widget-tinymce textwidget\">\n\t<h3>Tracks<\/h3>\n<\/div>\n<\/div><\/div><\/div><\/div><div id=\"pg-458-2\"  class=\"panel-grid panel-no-style\" ><div id=\"pgc-458-2-0\"  class=\"panel-grid-cell\" ><div id=\"panel-458-2-0-0\" class=\"so-panel widget widget_sow-editor panel-first-child panel-last-child\" data-index=\"5\" ><div\n\t\t\t\n\t\t\tclass=\"so-widget-sow-editor so-widget-sow-editor-base\"\n\t\t\t\n\t\t>\n<div class=\"siteorigin-widget-tinymce textwidget\">\n\t<p><iframe style=\"border-radius:12px\" src=\"https:\/\/open.spotify.com\/embed\/artist\/589mGvuEPlppLiP3qTeqpk?utm_source=generator\" width=\"100%\" height=\"352\" frameborder=\"0\" allowfullscreen=\"\" allow=\"autoplay; clipboard-write; encrypted-media; fullscreen; picture-in-picture\" loading=\"lazy\"><\/iframe><\/p>\n<\/div>\n<\/div><\/div><\/div><\/div><div id=\"pg-458-3\"  class=\"panel-grid panel-no-style\" ><div id=\"pgc-458-3-0\"  class=\"panel-grid-cell\" ><div id=\"panel-458-3-0-0\" class=\"so-panel widget widget_sow-editor panel-first-child panel-last-child\" data-index=\"6\" ><div\n\t\t\t\n\t\t\tclass=\"so-widget-sow-editor so-widget-sow-editor-base\"\n\t\t\t\n\t\t>\n<div class=\"siteorigin-widget-tinymce textwidget\">\n\t<h3>Videos<\/h3>\n<\/div>\n<\/div><\/div><\/div><\/div><div id=\"pg-458-4\"  class=\"panel-grid panel-no-style\" ><div id=\"pgc-458-4-0\"  class=\"panel-grid-cell\" ><div id=\"panel-458-4-0-0\" class=\"so-panel widget widget_media_video panel-first-child\" data-index=\"7\" ><h3 class=\"widget-title\">Happy Blue (Official Music Video)<\/h3><div style=\"width:100%;\" class=\"wp-video\"><video class=\"wp-video-shortcode\" id=\"video-458-1\" preload=\"metadata\" controls=\"controls\"><source type=\"video\/youtube\" src=\"https:\/\/youtu.be\/NYcOmTfhStw?si=3hbNpLxSvdYJYmlw&#038;_=1\" \/><a href=\"https:\/\/youtu.be\/NYcOmTfhStw?si=3hbNpLxSvdYJYmlw\">https:\/\/youtu.be\/NYcOmTfhStw?si=3hbNpLxSvdYJYmlw<\/a><\/video><\/div><\/div><div id=\"panel-458-4-0-1\" class=\"so-panel widget widget_media_video panel-last-child\" data-index=\"8\" ><h3 class=\"widget-title\">Incomplete (Official Music Video)<\/h3><div style=\"width:100%;\" class=\"wp-video\"><video class=\"wp-video-shortcode\" id=\"video-458-2\" preload=\"metadata\" controls=\"controls\"><source type=\"video\/youtube\" src=\"https:\/\/youtu.be\/hr1HlRnkC9Q?si=X4vycuI4mAKhsa4o&#038;_=2\" \/><a href=\"https:\/\/youtu.be\/hr1HlRnkC9Q?si=X4vycuI4mAKhsa4o\">https:\/\/youtu.be\/hr1HlRnkC9Q?si=X4vycuI4mAKhsa4o<\/a><\/video><\/div><\/div><\/div><div id=\"pgc-458-4-1\"  class=\"panel-grid-cell\" ><div id=\"panel-458-4-1-0\" class=\"so-panel widget widget_media_video panel-first-child\" data-index=\"9\" ><h3 class=\"widget-title\">Sticky Floors (Official Music Video)<\/h3><div style=\"width:100%;\" class=\"wp-video\"><video class=\"wp-video-shortcode\" id=\"video-458-3\" preload=\"metadata\" controls=\"controls\"><source type=\"video\/youtube\" src=\"https:\/\/youtu.be\/E4OY5HFB5K0?si=z8gFdwN0NTNjGReY&#038;_=3\" \/><a href=\"https:\/\/youtu.be\/E4OY5HFB5K0?si=z8gFdwN0NTNjGReY\">https:\/\/youtu.be\/E4OY5HFB5K0?si=z8gFdwN0NTNjGReY<\/a><\/video><\/div><\/div><div id=\"panel-458-4-1-1\" class=\"so-panel widget widget_media_video panel-last-child\" data-index=\"10\" ><h3 class=\"widget-title\">Can&#8217;t Love (Official Music Video)<\/h3><div style=\"width:100%;\" class=\"wp-video\"><video class=\"wp-video-shortcode\" id=\"video-458-4\" preload=\"metadata\" controls=\"controls\"><source type=\"video\/youtube\" src=\"https:\/\/youtu.be\/rhDTKMg1O7o?si=Mk_u2KdLUnOVEn8j&#038;_=4\" \/><a href=\"https:\/\/youtu.be\/rhDTKMg1O7o?si=Mk_u2KdLUnOVEn8j\">https:\/\/youtu.be\/rhDTKMg1O7o?si=Mk_u2KdLUnOVEn8j<\/a><\/video><\/div><\/div><\/div><\/div><\/div>","protected":false},"excerpt":{"rendered":"<p>H\u00c6CTOR K\u00fcnstler Indie Pop Hamburg, DE Biographie Sie rocken das Reeperbahn Festival 2022 und das The Great Escape Festival 2023! Allein\u00a0das sagt schon wahnsinnig viel \u00fcber die Qualit\u00e4t der Musik der Band aus. Bereits seit 2017 stellt\u00a0H\u00c6CTOR eine feste Gr\u00f6\u00dfe in der Hamburger Musiklandschaft dar. Im Juni 2022 erscheint das lang\u00a0ersehnte und viel gefeierte Deb\u00fctalbum [&hellip;]<\/p>\n","protected":false},"author":1,"featured_media":0,"parent":245,"menu_order":0,"comment_status":"closed","ping_status":"closed","template":"templates\/template-full.php","meta":{"footnotes":""},"class_list":["post-458","page","type-page","status-publish","hentry","post"],"_links":{"self":[{"href":"https:\/\/dachshundmusic.com\/en\/wp-json\/wp\/v2\/pages\/458","targetHints":{"allow":["GET"]}}],"collection":[{"href":"https:\/\/dachshundmusic.com\/en\/wp-json\/wp\/v2\/pages"}],"about":[{"href":"https:\/\/dachshundmusic.com\/en\/wp-json\/wp\/v2\/types\/page"}],"author":[{"embeddable":true,"href":"https:\/\/dachshundmusic.com\/en\/wp-json\/wp\/v2\/users\/1"}],"replies":[{"embeddable":true,"href":"https:\/\/dachshundmusic.com\/en\/wp-json\/wp\/v2\/comments?post=458"}],"version-history":[{"count":4,"href":"https:\/\/dachshundmusic.com\/en\/wp-json\/wp\/v2\/pages\/458\/revisions"}],"predecessor-version":[{"id":466,"href":"https:\/\/dachshundmusic.com\/en\/wp-json\/wp\/v2\/pages\/458\/revisions\/466"}],"up":[{"embeddable":true,"href":"https:\/\/dachshundmusic.com\/en\/wp-json\/wp\/v2\/pages\/245"}],"wp:attachment":[{"href":"https:\/\/dachshundmusic.com\/en\/wp-json\/wp\/v2\/media?parent=458"}],"curies":[{"name":"wp","href":"https:\/\/api.w.org\/{rel}","templated":true}]}}