{"id":451,"date":"2024-09-16T13:54:05","date_gmt":"2024-09-16T13:54:05","guid":{"rendered":"https:\/\/dachshundmusic.com\/?page_id=451"},"modified":"2024-09-16T18:03:03","modified_gmt":"2024-09-16T18:03:03","slug":"fleks","status":"publish","type":"page","link":"https:\/\/dachshundmusic.com\/en\/artists-writer\/fleks\/","title":{"rendered":"FLEKS"},"content":{"rendered":"<div id=\"pl-451\"  class=\"panel-layout\" ><div id=\"pg-451-0\"  class=\"panel-grid panel-no-style\" ><div id=\"pgc-451-0-0\"  class=\"panel-grid-cell\" ><div id=\"panel-451-0-0-0\" class=\"so-panel widget widget_sow-image panel-first-child panel-last-child\" data-index=\"0\" ><div\n\t\t\t\n\t\t\tclass=\"so-widget-sow-image so-widget-sow-image-default-8b5b6f678277-451\"\n\t\t\t\n\t\t>\n<div class=\"sow-image-container\">\n\t\t<img \n\tsrc=\"https:\/\/dachshundmusic.com\/wp-content\/uploads\/sites\/5\/2023\/05\/FLEKS.jpeg\" width=\"1200\" height=\"1200\" srcset=\"https:\/\/dachshundmusic.com\/wp-content\/uploads\/sites\/5\/2023\/05\/FLEKS.jpeg 1200w, https:\/\/dachshundmusic.com\/wp-content\/uploads\/sites\/5\/2023\/05\/FLEKS-300x300.jpeg 300w, https:\/\/dachshundmusic.com\/wp-content\/uploads\/sites\/5\/2023\/05\/FLEKS-1024x1024.jpeg 1024w, https:\/\/dachshundmusic.com\/wp-content\/uploads\/sites\/5\/2023\/05\/FLEKS-150x150.jpeg 150w, https:\/\/dachshundmusic.com\/wp-content\/uploads\/sites\/5\/2023\/05\/FLEKS-768x768.jpeg 768w, https:\/\/dachshundmusic.com\/wp-content\/uploads\/sites\/5\/2023\/05\/FLEKS-12x12.jpeg 12w\" sizes=\"(max-width: 1200px) 100vw, 1200px\" alt=\"\" \t\tclass=\"so-widget-image\"\/>\n\t<\/div>\n\n<\/div><\/div><\/div><div id=\"pgc-451-0-1\"  class=\"panel-grid-cell\" ><div id=\"panel-451-0-1-0\" class=\"so-panel widget widget_sow-editor panel-first-child\" data-index=\"1\" ><div\n\t\t\t\n\t\t\tclass=\"so-widget-sow-editor so-widget-sow-editor-base\"\n\t\t\t\n\t\t>\n<div class=\"siteorigin-widget-tinymce textwidget\">\n\t<h1>FLEKS<\/h1>\n<p><em><strong>Artist<\/strong><\/em><br \/>\n<em><strong>Punk, Alternative Rock<\/strong><\/em><br \/>\n<em><strong>Vienna, AT<\/strong><\/em><\/p>\n<\/div>\n<\/div><\/div><div id=\"panel-451-0-1-1\" class=\"so-panel widget widget_sow-social-media-buttons\" data-index=\"2\" ><div\n\t\t\t\n\t\t\tclass=\"so-widget-sow-social-media-buttons so-widget-sow-social-media-buttons-atom-300c6ceebab1-451\"\n\t\t\t\n\t\t>\n\n<div class=\"social-media-button-container\">\n\t\n\t\t<a \n\t\tclass=\"ow-button-hover sow-social-media-button-instagram-0 sow-social-media-button\" title=\"Dachshund Music on Instagram\" aria-label=\"Dachshund Music on Instagram\" target=\"_blank\" rel=\"noopener noreferrer\" href=\"https:\/\/www.instagram.com\/thisisfleks\/\" \t\t>\n\t\t\t<span>\n\t\t\t\t\t\t\t\t<span class=\"sow-icon-fontawesome sow-fab\" data-sow-icon=\"&#xf16d;\"\n\t\t \n\t\taria-hidden=\"true\"><\/span>\t\t\t\t\t\t\t<\/span>\n\t\t<\/a>\n\t\n\t\t<a \n\t\tclass=\"ow-button-hover sow-social-media-button-tiktok-0 sow-social-media-button\" title=\"Dachshund Music on Tiktok\" aria-label=\"Dachshund Music on Tiktok\" target=\"_blank\" rel=\"noopener noreferrer\" href=\"https:\/\/www.tiktok.com\/@wearefleks\" \t\t>\n\t\t\t<span>\n\t\t\t\t\t\t\t\t<span class=\"sow-icon-fontawesome sow-fab\" data-sow-icon=\"&#xe07b;\"\n\t\t \n\t\taria-hidden=\"true\"><\/span>\t\t\t\t\t\t\t<\/span>\n\t\t<\/a>\n\t\n\t\t<a \n\t\tclass=\"ow-button-hover sow-social-media-button-facebook-0 sow-social-media-button\" title=\"Dachshund Music on Facebook\" aria-label=\"Dachshund Music on Facebook\" target=\"_blank\" rel=\"noopener noreferrer\" href=\"https:\/\/www.facebook.com\/wearefleks\" \t\t>\n\t\t\t<span>\n\t\t\t\t\t\t\t\t<span class=\"sow-icon-fontawesome sow-fab\" data-sow-icon=\"&#xf39e;\"\n\t\t \n\t\taria-hidden=\"true\"><\/span>\t\t\t\t\t\t\t<\/span>\n\t\t<\/a>\n\t\n\t\t<a \n\t\tclass=\"ow-button-hover sow-social-media-button-spotify-0 sow-social-media-button\" title=\"Dachshund Music on Spotify\" aria-label=\"Dachshund Music on Spotify\" target=\"_blank\" rel=\"noopener noreferrer\" href=\"https:\/\/open.spotify.com\/artist\/2tONROZkdWPTFta3wK307z\" \t\t>\n\t\t\t<span>\n\t\t\t\t\t\t\t\t<span class=\"sow-icon-fontawesome sow-fab\" data-sow-icon=\"&#xf1bc;\"\n\t\t \n\t\taria-hidden=\"true\"><\/span>\t\t\t\t\t\t\t<\/span>\n\t\t<\/a>\n\t\n\t\t<a \n\t\tclass=\"ow-button-hover sow-social-media-button-youtube-0 sow-social-media-button\" title=\"Dachshund Music on Youtube\" aria-label=\"Dachshund Music on Youtube\" target=\"_blank\" rel=\"noopener noreferrer\" href=\"https:\/\/www.youtube.com\/channel\/UCPuJrtZu2I5Fin-zaW4Wa7g\" \t\t>\n\t\t\t<span>\n\t\t\t\t\t\t\t\t<span class=\"sow-icon-fontawesome sow-fab\" data-sow-icon=\"&#xf167;\"\n\t\t \n\t\taria-hidden=\"true\"><\/span>\t\t\t\t\t\t\t<\/span>\n\t\t<\/a>\n\t<\/div>\n<\/div><\/div><div id=\"panel-451-0-1-2\" class=\"so-panel widget widget_sow-editor panel-last-child\" data-index=\"3\" ><div\n\t\t\t\n\t\t\tclass=\"so-widget-sow-editor so-widget-sow-editor-base\"\n\t\t\t\n\t\t>\n<div class=\"siteorigin-widget-tinymce textwidget\">\n\t<h1>Biography<\/h1>\n<p>With their new songs, they venture into unknown territory and change direction. In terms of genre, they are located in the mezzanine between mosh pit and disco brawl. And FLEKS are also developing thematically. The lyrics of the new songs are more personal and direct than anything before. They have already established themselves in the Austrian music scene with their ambitious debut album \u2018Color TV\u2019 (released in July 2020). In the concept album, the three musicians - bassist Max Leitgeb, drummer Fabian Edelbacher and singer and guitarist Martin Resatz - show the sensory overload of everyday television from the viewer's perspective. Self-irony and pure social criticism. In August 2022, FLEKS had the great honour of performing on the main stage of the Frequency Festival in St. P\u00f6lten. Now they have reunited as a band - with support on drums and keyboards, Max Leitgeb and Martin Resatz will rock the stage in future.<\/p>\n<\/div>\n<\/div><\/div><\/div><\/div><div id=\"pg-451-1\"  class=\"panel-grid panel-no-style\" ><div id=\"pgc-451-1-0\"  class=\"panel-grid-cell\" ><div id=\"panel-451-1-0-0\" class=\"so-panel widget widget_sow-editor panel-first-child panel-last-child\" data-index=\"4\" ><div\n\t\t\t\n\t\t\tclass=\"so-widget-sow-editor so-widget-sow-editor-base\"\n\t\t\t\n\t\t>\n<div class=\"siteorigin-widget-tinymce textwidget\">\n\t<h3>Tracks<\/h3>\n<\/div>\n<\/div><\/div><\/div><\/div><div id=\"pg-451-2\"  class=\"panel-grid panel-no-style\" ><div id=\"pgc-451-2-0\"  class=\"panel-grid-cell\" ><div id=\"panel-451-2-0-0\" class=\"so-panel widget widget_sow-editor panel-first-child panel-last-child\" data-index=\"5\" ><div\n\t\t\t\n\t\t\tclass=\"so-widget-sow-editor so-widget-sow-editor-base\"\n\t\t\t\n\t\t>\n<div class=\"siteorigin-widget-tinymce textwidget\">\n\t<p><iframe style=\"border-radius:12px\" src=\"https:\/\/open.spotify.com\/embed\/artist\/2tONROZkdWPTFta3wK307z?utm_source=generator\" width=\"100%\" height=\"352\" frameborder=\"0\" allowfullscreen=\"\" allow=\"autoplay; clipboard-write; encrypted-media; fullscreen; picture-in-picture\" loading=\"lazy\"><\/iframe><\/p>\n<\/div>\n<\/div><\/div><\/div><\/div><div id=\"pg-451-3\"  class=\"panel-grid panel-no-style\" ><div id=\"pgc-451-3-0\"  class=\"panel-grid-cell\" ><div id=\"panel-451-3-0-0\" class=\"so-panel widget widget_sow-editor panel-first-child panel-last-child\" data-index=\"6\" ><div\n\t\t\t\n\t\t\tclass=\"so-widget-sow-editor so-widget-sow-editor-base\"\n\t\t\t\n\t\t>\n<div class=\"siteorigin-widget-tinymce textwidget\">\n\t<h3>Videos<\/h3>\n<\/div>\n<\/div><\/div><\/div><\/div><div id=\"pg-451-4\"  class=\"panel-grid panel-no-style\" ><div id=\"pgc-451-4-0\"  class=\"panel-grid-cell\" ><div id=\"panel-451-4-0-0\" class=\"so-panel widget widget_media_video panel-first-child\" data-index=\"7\" ><h3 class=\"widget-title\">Memory Lane (Official Music Video)<\/h3><div style=\"width:100%;\" class=\"wp-video\"><video class=\"wp-video-shortcode\" id=\"video-451-1\" preload=\"metadata\" controls=\"controls\"><source type=\"video\/youtube\" src=\"https:\/\/youtu.be\/uHIwTAJDeGY?si=isl_2wgdvn6r9fDH&#038;_=1\" \/><a href=\"https:\/\/youtu.be\/uHIwTAJDeGY?si=isl_2wgdvn6r9fDH\">https:\/\/youtu.be\/uHIwTAJDeGY?si=isl_2wgdvn6r9fDH<\/a><\/video><\/div><\/div><div id=\"panel-451-4-0-1\" class=\"so-panel widget widget_media_video panel-last-child\" data-index=\"8\" ><h3 class=\"widget-title\">Live at Nova Rock Encore Festival<\/h3><div style=\"width:100%;\" class=\"wp-video\"><video class=\"wp-video-shortcode\" id=\"video-451-2\" preload=\"metadata\" controls=\"controls\"><source type=\"video\/youtube\" src=\"https:\/\/youtu.be\/-Ry80NIPpeA?si=x44iZ3ZOIldhkkvE&#038;_=2\" \/><a href=\"https:\/\/youtu.be\/-Ry80NIPpeA?si=x44iZ3ZOIldhkkvE\">https:\/\/youtu.be\/-Ry80NIPpeA?si=x44iZ3ZOIldhkkvE<\/a><\/video><\/div><\/div><\/div><div id=\"pgc-451-4-1\"  class=\"panel-grid-cell\" ><div id=\"panel-451-4-1-0\" class=\"so-panel widget widget_media_video panel-first-child\" data-index=\"9\" ><h3 class=\"widget-title\">Casablanca (Official Music Video)<\/h3><div style=\"width:100%;\" class=\"wp-video\"><video class=\"wp-video-shortcode\" id=\"video-451-3\" preload=\"metadata\" controls=\"controls\"><source type=\"video\/youtube\" src=\"https:\/\/youtu.be\/4x1BXHPQXBs?si=Uy9TGlQAEgp2TVac&#038;_=3\" \/><a href=\"https:\/\/youtu.be\/4x1BXHPQXBs?si=Uy9TGlQAEgp2TVac\">https:\/\/youtu.be\/4x1BXHPQXBs?si=Uy9TGlQAEgp2TVac<\/a><\/video><\/div><\/div><div id=\"panel-451-4-1-1\" class=\"so-panel widget widget_media_video panel-last-child\" data-index=\"10\" ><h3 class=\"widget-title\">Hotshot (Official Music Video)<\/h3><div style=\"width:100%;\" class=\"wp-video\"><video class=\"wp-video-shortcode\" id=\"video-451-4\" preload=\"metadata\" controls=\"controls\"><source type=\"video\/youtube\" src=\"https:\/\/youtu.be\/epWFBEmvLg0?si=S72sxkCnsSS3b8S9&#038;_=4\" \/><a href=\"https:\/\/youtu.be\/epWFBEmvLg0?si=S72sxkCnsSS3b8S9\">https:\/\/youtu.be\/epWFBEmvLg0?si=S72sxkCnsSS3b8S9<\/a><\/video><\/div><\/div><\/div><\/div><\/div>","protected":false},"excerpt":{"rendered":"<p>FLEKS K\u00fcnstler Punk, Alternative Rock Wien, AT Biographie Mit ihren neuen Songs wagen sich auf unbekanntes Terrain und vollziehen einen Richtungswechsel. Genretechnisch sind sie im Mezzanin zwischen Moshpit und Diskoschl\u00e4gerei angesiedelt. Und auch thematisch entwickelt sich FLEKS weiter. Die Lyrics der neuen Songs sind pers\u00f6nlicher und direkter als alles Bisherige. Etabliert in der \u00f6sterreichischen Musiklandschaft [&hellip;]<\/p>\n","protected":false},"author":1,"featured_media":0,"parent":245,"menu_order":0,"comment_status":"closed","ping_status":"closed","template":"templates\/template-full.php","meta":{"footnotes":""},"class_list":["post-451","page","type-page","status-publish","hentry","post"],"_links":{"self":[{"href":"https:\/\/dachshundmusic.com\/en\/wp-json\/wp\/v2\/pages\/451","targetHints":{"allow":["GET"]}}],"collection":[{"href":"https:\/\/dachshundmusic.com\/en\/wp-json\/wp\/v2\/pages"}],"about":[{"href":"https:\/\/dachshundmusic.com\/en\/wp-json\/wp\/v2\/types\/page"}],"author":[{"embeddable":true,"href":"https:\/\/dachshundmusic.com\/en\/wp-json\/wp\/v2\/users\/1"}],"replies":[{"embeddable":true,"href":"https:\/\/dachshundmusic.com\/en\/wp-json\/wp\/v2\/comments?post=451"}],"version-history":[{"count":6,"href":"https:\/\/dachshundmusic.com\/en\/wp-json\/wp\/v2\/pages\/451\/revisions"}],"predecessor-version":[{"id":460,"href":"https:\/\/dachshundmusic.com\/en\/wp-json\/wp\/v2\/pages\/451\/revisions\/460"}],"up":[{"embeddable":true,"href":"https:\/\/dachshundmusic.com\/en\/wp-json\/wp\/v2\/pages\/245"}],"wp:attachment":[{"href":"https:\/\/dachshundmusic.com\/en\/wp-json\/wp\/v2\/media?parent=451"}],"curies":[{"name":"wp","href":"https:\/\/api.w.org\/{rel}","templated":true}]}}