{"id":442,"date":"2024-09-16T13:14:46","date_gmt":"2024-09-16T13:14:46","guid":{"rendered":"https:\/\/dachshundmusic.com\/?page_id=442"},"modified":"2024-09-16T13:17:45","modified_gmt":"2024-09-16T13:17:45","slug":"dominik-buechele","status":"publish","type":"page","link":"https:\/\/dachshundmusic.com\/en\/artists-writer\/dominik-buechele\/","title":{"rendered":"Dominik B\u00fcchele"},"content":{"rendered":"<div id=\"pl-442\"  class=\"panel-layout\" ><div id=\"pg-442-0\"  class=\"panel-grid panel-no-style\" ><div id=\"pgc-442-0-0\"  class=\"panel-grid-cell\" ><div id=\"panel-442-0-0-0\" class=\"so-panel widget widget_sow-image panel-first-child panel-last-child\" data-index=\"0\" ><div\n\t\t\t\n\t\t\tclass=\"so-widget-sow-image so-widget-sow-image-default-8b5b6f678277-442\"\n\t\t\t\n\t\t>\n<div class=\"sow-image-container\">\n\t\t<img \n\tsrc=\"https:\/\/dachshundmusic.com\/wp-content\/uploads\/sites\/5\/2024\/01\/DB_Quadrat.jpg\" width=\"1500\" height=\"1500\" srcset=\"https:\/\/dachshundmusic.com\/wp-content\/uploads\/sites\/5\/2024\/01\/DB_Quadrat.jpg 1500w, https:\/\/dachshundmusic.com\/wp-content\/uploads\/sites\/5\/2024\/01\/DB_Quadrat-300x300.jpg 300w, https:\/\/dachshundmusic.com\/wp-content\/uploads\/sites\/5\/2024\/01\/DB_Quadrat-1024x1024.jpg 1024w, https:\/\/dachshundmusic.com\/wp-content\/uploads\/sites\/5\/2024\/01\/DB_Quadrat-150x150.jpg 150w, https:\/\/dachshundmusic.com\/wp-content\/uploads\/sites\/5\/2024\/01\/DB_Quadrat-768x768.jpg 768w, https:\/\/dachshundmusic.com\/wp-content\/uploads\/sites\/5\/2024\/01\/DB_Quadrat-12x12.jpg 12w\" sizes=\"(max-width: 1500px) 100vw, 1500px\" title=\"Dominik B\u00fcchele\" alt=\"\" \t\tclass=\"so-widget-image\"\/>\n\t<\/div>\n\n<\/div><\/div><\/div><div id=\"pgc-442-0-1\"  class=\"panel-grid-cell\" ><div id=\"panel-442-0-1-0\" class=\"so-panel widget widget_sow-editor panel-first-child\" data-index=\"1\" ><div\n\t\t\t\n\t\t\tclass=\"so-widget-sow-editor so-widget-sow-editor-base\"\n\t\t\t\n\t\t>\n<div class=\"siteorigin-widget-tinymce textwidget\">\n\t<h1>Dominik B\u00fcchele<\/h1>\n<p><em><strong>Artist \/ Writer<\/strong><\/em><br \/>\n<em><strong>Pop, Alternative, Indie<\/strong><\/em><br \/>\n<em><strong>Freiburg, DE<\/strong><\/em><\/p>\n<\/div>\n<\/div><\/div><div id=\"panel-442-0-1-1\" class=\"so-panel widget widget_sow-social-media-buttons\" data-index=\"2\" ><div\n\t\t\t\n\t\t\tclass=\"so-widget-sow-social-media-buttons so-widget-sow-social-media-buttons-atom-300c6ceebab1-442\"\n\t\t\t\n\t\t>\n\n<div class=\"social-media-button-container\">\n\t\n\t\t<a \n\t\tclass=\"ow-button-hover sow-social-media-button-instagram-0 sow-social-media-button\" title=\"Dachshund Music on Instagram\" aria-label=\"Dachshund Music on Instagram\" target=\"_blank\" rel=\"noopener noreferrer\" href=\"https:\/\/www.instagram.com\/dominik.buechele\" \t\t>\n\t\t\t<span>\n\t\t\t\t\t\t\t\t<span class=\"sow-icon-fontawesome sow-fab\" data-sow-icon=\"&#xf16d;\"\n\t\t \n\t\taria-hidden=\"true\"><\/span>\t\t\t\t\t\t\t<\/span>\n\t\t<\/a>\n\t\n\t\t<a \n\t\tclass=\"ow-button-hover sow-social-media-button-tiktok-0 sow-social-media-button\" title=\"Dachshund Music on Tiktok\" aria-label=\"Dachshund Music on Tiktok\" target=\"_blank\" rel=\"noopener noreferrer\" href=\"https:\/\/www.tiktok.com\/@dominik.buechele\" \t\t>\n\t\t\t<span>\n\t\t\t\t\t\t\t\t<span class=\"sow-icon-fontawesome sow-fab\" data-sow-icon=\"&#xe07b;\"\n\t\t \n\t\taria-hidden=\"true\"><\/span>\t\t\t\t\t\t\t<\/span>\n\t\t<\/a>\n\t\n\t\t<a \n\t\tclass=\"ow-button-hover sow-social-media-button-facebook-0 sow-social-media-button\" title=\"Dachshund Music on Facebook\" aria-label=\"Dachshund Music on Facebook\" target=\"_blank\" rel=\"noopener noreferrer\" href=\"https:\/\/www.facebook.com\/BuecheleDominik\" \t\t>\n\t\t\t<span>\n\t\t\t\t\t\t\t\t<span class=\"sow-icon-fontawesome sow-fab\" data-sow-icon=\"&#xf39e;\"\n\t\t \n\t\taria-hidden=\"true\"><\/span>\t\t\t\t\t\t\t<\/span>\n\t\t<\/a>\n\t\n\t\t<a \n\t\tclass=\"ow-button-hover sow-social-media-button-spotify-0 sow-social-media-button\" title=\"Dachshund Music on Spotify\" aria-label=\"Dachshund Music on Spotify\" target=\"_blank\" rel=\"noopener noreferrer\" href=\"https:\/\/open.spotify.com\/artist\/64t0VvGLsXyyru4FQ0GsGY\" \t\t>\n\t\t\t<span>\n\t\t\t\t\t\t\t\t<span class=\"sow-icon-fontawesome sow-fab\" data-sow-icon=\"&#xf1bc;\"\n\t\t \n\t\taria-hidden=\"true\"><\/span>\t\t\t\t\t\t\t<\/span>\n\t\t<\/a>\n\t\n\t\t<a \n\t\tclass=\"ow-button-hover sow-social-media-button-youtube-0 sow-social-media-button\" title=\"Dachshund Music on Youtube\" aria-label=\"Dachshund Music on Youtube\" target=\"_blank\" rel=\"noopener noreferrer\" href=\"https:\/\/www.youtube.com\/@dominikbuchele7315\" \t\t>\n\t\t\t<span>\n\t\t\t\t\t\t\t\t<span class=\"sow-icon-fontawesome sow-fab\" data-sow-icon=\"&#xf167;\"\n\t\t \n\t\taria-hidden=\"true\"><\/span>\t\t\t\t\t\t\t<\/span>\n\t\t<\/a>\n\t<\/div>\n<\/div><\/div><div id=\"panel-442-0-1-2\" class=\"so-panel widget widget_sow-editor panel-last-child\" data-index=\"3\" ><div\n\t\t\t\n\t\t\tclass=\"so-widget-sow-editor so-widget-sow-editor-base\"\n\t\t\t\n\t\t>\n<div class=\"siteorigin-widget-tinymce textwidget\">\n\t<h1>Biography<\/h1>\n<p>In 2009, Dominik B\u00fcchele achieved a remarkable fourth place in the casting show DSDS. Since then, he has continued to develop his musical style and is now at home in the indie folk genre. His music is characterised by down-to-earth sounds and flowing acoustic guitar riffs, while he tells stories about wanderlust, freedom and the vastness of the world in atmospheric lullabies. Influenced by a summer spent hiking the Pacific Crest Trail from Mexico to Canada, Dominik B\u00fcchele has a deep connection to a simple life in nature and incorporates these experiences into his music with a sometimes critical view of social norms. His songs transport listeners into a world full of emotions and invite them to immerse themselves in the vastness of thought. Dominik B\u00fcchele is a musician who inspires with his extraordinary voice and soulful lyrics and takes his listeners on a very special journey.<\/p>\n<\/div>\n<\/div><\/div><\/div><\/div><div id=\"pg-442-1\"  class=\"panel-grid panel-no-style\" ><div id=\"pgc-442-1-0\"  class=\"panel-grid-cell\" ><div id=\"panel-442-1-0-0\" class=\"so-panel widget widget_sow-editor panel-first-child panel-last-child\" data-index=\"4\" ><div\n\t\t\t\n\t\t\tclass=\"so-widget-sow-editor so-widget-sow-editor-base\"\n\t\t\t\n\t\t>\n<div class=\"siteorigin-widget-tinymce textwidget\">\n\t<h3>Tracks<\/h3>\n<\/div>\n<\/div><\/div><\/div><\/div><div id=\"pg-442-2\"  class=\"panel-grid panel-no-style\" ><div id=\"pgc-442-2-0\"  class=\"panel-grid-cell\" ><div id=\"panel-442-2-0-0\" class=\"so-panel widget widget_sow-editor panel-first-child panel-last-child\" data-index=\"5\" ><div\n\t\t\t\n\t\t\tclass=\"so-widget-sow-editor so-widget-sow-editor-base\"\n\t\t\t\n\t\t>\n<div class=\"siteorigin-widget-tinymce textwidget\">\n\t<p><iframe style=\"border-radius:12px\" src=\"https:\/\/open.spotify.com\/embed\/artist\/64t0VvGLsXyyru4FQ0GsGY?utm_source=generator\" width=\"100%\" height=\"352\" frameborder=\"0\" allowfullscreen=\"\" allow=\"autoplay; clipboard-write; encrypted-media; fullscreen; picture-in-picture\" loading=\"lazy\"><\/iframe><\/p>\n<\/div>\n<\/div><\/div><\/div><\/div><div id=\"pg-442-3\"  class=\"panel-grid panel-no-style\" ><div id=\"pgc-442-3-0\"  class=\"panel-grid-cell\" ><div id=\"panel-442-3-0-0\" class=\"so-panel widget widget_sow-editor panel-first-child panel-last-child\" data-index=\"6\" ><div\n\t\t\t\n\t\t\tclass=\"so-widget-sow-editor so-widget-sow-editor-base\"\n\t\t\t\n\t\t>\n<div class=\"siteorigin-widget-tinymce textwidget\">\n\t<h3>Videos<\/h3>\n<\/div>\n<\/div><\/div><\/div><\/div><div id=\"pg-442-4\"  class=\"panel-grid panel-no-style\" ><div id=\"pgc-442-4-0\"  class=\"panel-grid-cell\" ><div id=\"panel-442-4-0-0\" class=\"so-panel widget widget_media_video panel-first-child\" data-index=\"7\" ><h3 class=\"widget-title\">Those Who Fly (Official Music Video)<\/h3><div style=\"width:100%;\" class=\"wp-video\"><video class=\"wp-video-shortcode\" id=\"video-442-1\" preload=\"metadata\" controls=\"controls\"><source type=\"video\/youtube\" src=\"https:\/\/youtu.be\/DWIP1ym3ePI?si=WxO4c4mT7aJc2YFO&#038;_=1\" \/><a href=\"https:\/\/youtu.be\/DWIP1ym3ePI?si=WxO4c4mT7aJc2YFO\">https:\/\/youtu.be\/DWIP1ym3ePI?si=WxO4c4mT7aJc2YFO<\/a><\/video><\/div><\/div><div id=\"panel-442-4-0-1\" class=\"so-panel widget widget_media_video panel-last-child\" data-index=\"8\" ><h3 class=\"widget-title\">Away We Go (Official Music Video)<\/h3><div style=\"width:100%;\" class=\"wp-video\"><video class=\"wp-video-shortcode\" id=\"video-442-2\" preload=\"metadata\" controls=\"controls\"><source type=\"video\/youtube\" src=\"https:\/\/youtu.be\/nEn-m9clu4k?si=2ZPCFy4iuAyiSRH7&#038;_=2\" \/><a href=\"https:\/\/youtu.be\/nEn-m9clu4k?si=2ZPCFy4iuAyiSRH7\">https:\/\/youtu.be\/nEn-m9clu4k?si=2ZPCFy4iuAyiSRH7<\/a><\/video><\/div><\/div><\/div><div id=\"pgc-442-4-1\"  class=\"panel-grid-cell\" ><div id=\"panel-442-4-1-0\" class=\"so-panel widget widget_media_video panel-first-child\" data-index=\"9\" ><h3 class=\"widget-title\">Start Anew (Official Music Video)<\/h3><div style=\"width:100%;\" class=\"wp-video\"><video class=\"wp-video-shortcode\" id=\"video-442-3\" preload=\"metadata\" controls=\"controls\"><source type=\"video\/youtube\" src=\"https:\/\/youtu.be\/SJWWo0gAZTg?si=ghhhjyzfJBwfWxOP&#038;_=3\" \/><a href=\"https:\/\/youtu.be\/SJWWo0gAZTg?si=ghhhjyzfJBwfWxOP\">https:\/\/youtu.be\/SJWWo0gAZTg?si=ghhhjyzfJBwfWxOP<\/a><\/video><\/div><\/div><div id=\"panel-442-4-1-1\" class=\"so-panel widget widget_media_video panel-last-child\" data-index=\"10\" ><h3 class=\"widget-title\">By the River (Official Music Video)<\/h3><div style=\"width:100%;\" class=\"wp-video\"><video class=\"wp-video-shortcode\" id=\"video-442-4\" preload=\"metadata\" controls=\"controls\"><source type=\"video\/youtube\" src=\"https:\/\/youtu.be\/ogszgZmr5l0?si=QqF0NjnLHsTAZ-GJ&#038;_=4\" \/><a href=\"https:\/\/youtu.be\/ogszgZmr5l0?si=QqF0NjnLHsTAZ-GJ\">https:\/\/youtu.be\/ogszgZmr5l0?si=QqF0NjnLHsTAZ-GJ<\/a><\/video><\/div><\/div><\/div><\/div><\/div>","protected":false},"excerpt":{"rendered":"<p>Dominik B\u00fcchele K\u00fcnstler \/ Autor Pop, Alternative, Indie Freiburg, DE Biographie Im Jahr 2009 erzielt Dominik B\u00fcchele einen beachtlichen vierten Platz bei der Casting-Show DSDS. Seitdem entwickelt er seinen musikalischen Stil weiter und ist heute im Genre Indie-Folk zu Hause. Seine Musik besticht durch bodenst\u00e4ndige Sounds und flie\u00dfende Akustikgitarren-Riffs, w\u00e4hrend er in stimmungsvollen Lullabies-Geschichten \u00fcber [&hellip;]<\/p>\n","protected":false},"author":1,"featured_media":0,"parent":245,"menu_order":0,"comment_status":"closed","ping_status":"closed","template":"templates\/template-full.php","meta":{"footnotes":""},"class_list":["post-442","page","type-page","status-publish","hentry","post"],"_links":{"self":[{"href":"https:\/\/dachshundmusic.com\/en\/wp-json\/wp\/v2\/pages\/442","targetHints":{"allow":["GET"]}}],"collection":[{"href":"https:\/\/dachshundmusic.com\/en\/wp-json\/wp\/v2\/pages"}],"about":[{"href":"https:\/\/dachshundmusic.com\/en\/wp-json\/wp\/v2\/types\/page"}],"author":[{"embeddable":true,"href":"https:\/\/dachshundmusic.com\/en\/wp-json\/wp\/v2\/users\/1"}],"replies":[{"embeddable":true,"href":"https:\/\/dachshundmusic.com\/en\/wp-json\/wp\/v2\/comments?post=442"}],"version-history":[{"count":4,"href":"https:\/\/dachshundmusic.com\/en\/wp-json\/wp\/v2\/pages\/442\/revisions"}],"predecessor-version":[{"id":446,"href":"https:\/\/dachshundmusic.com\/en\/wp-json\/wp\/v2\/pages\/442\/revisions\/446"}],"up":[{"embeddable":true,"href":"https:\/\/dachshundmusic.com\/en\/wp-json\/wp\/v2\/pages\/245"}],"wp:attachment":[{"href":"https:\/\/dachshundmusic.com\/en\/wp-json\/wp\/v2\/media?parent=442"}],"curies":[{"name":"wp","href":"https:\/\/api.w.org\/{rel}","templated":true}]}}