{"id":438,"date":"2024-09-16T12:54:37","date_gmt":"2024-09-16T12:54:37","guid":{"rendered":"https:\/\/dachshundmusic.com\/?page_id=438"},"modified":"2024-09-16T12:54:37","modified_gmt":"2024-09-16T12:54:37","slug":"carnival-kid","status":"publish","type":"page","link":"https:\/\/dachshundmusic.com\/en\/artists-writer\/carnival-kid\/","title":{"rendered":"Carnival Kid"},"content":{"rendered":"<div id=\"pl-438\"  class=\"panel-layout\" ><div id=\"pg-438-0\"  class=\"panel-grid panel-no-style\" ><div id=\"pgc-438-0-0\"  class=\"panel-grid-cell\" ><div id=\"panel-438-0-0-0\" class=\"so-panel widget widget_sow-image panel-first-child panel-last-child\" data-index=\"0\" ><div\n\t\t\t\n\t\t\tclass=\"so-widget-sow-image so-widget-sow-image-default-8b5b6f678277-438\"\n\t\t\t\n\t\t>\n<div class=\"sow-image-container\">\n\t\t<img \n\tsrc=\"https:\/\/dachshundmusic.com\/wp-content\/uploads\/sites\/5\/2023\/05\/Carnival-Kid.jpeg\" width=\"1447\" height=\"1447\" srcset=\"https:\/\/dachshundmusic.com\/wp-content\/uploads\/sites\/5\/2023\/05\/Carnival-Kid.jpeg 1447w, https:\/\/dachshundmusic.com\/wp-content\/uploads\/sites\/5\/2023\/05\/Carnival-Kid-300x300.jpeg 300w, https:\/\/dachshundmusic.com\/wp-content\/uploads\/sites\/5\/2023\/05\/Carnival-Kid-1024x1024.jpeg 1024w, https:\/\/dachshundmusic.com\/wp-content\/uploads\/sites\/5\/2023\/05\/Carnival-Kid-150x150.jpeg 150w, https:\/\/dachshundmusic.com\/wp-content\/uploads\/sites\/5\/2023\/05\/Carnival-Kid-768x768.jpeg 768w, https:\/\/dachshundmusic.com\/wp-content\/uploads\/sites\/5\/2023\/05\/Carnival-Kid-12x12.jpeg 12w\" sizes=\"(max-width: 1447px) 100vw, 1447px\" title=\"Carnival Kid\" alt=\"\" \t\tclass=\"so-widget-image\"\/>\n\t<\/div>\n\n<\/div><\/div><\/div><div id=\"pgc-438-0-1\"  class=\"panel-grid-cell\" ><div id=\"panel-438-0-1-0\" class=\"so-panel widget widget_sow-editor panel-first-child\" data-index=\"1\" ><div\n\t\t\t\n\t\t\tclass=\"so-widget-sow-editor so-widget-sow-editor-base\"\n\t\t\t\n\t\t>\n<div class=\"siteorigin-widget-tinymce textwidget\">\n\t<h1>Carnival Kid<\/h1>\n<p><em><strong>Artist \/ Writer<\/strong><\/em><br \/>\n<em><strong>Alternative, Indie, Singer-Songwriter<\/strong><\/em><br \/>\n<em><strong>Erfurt, DE<\/strong><\/em><\/p>\n<\/div>\n<\/div><\/div><div id=\"panel-438-0-1-1\" class=\"so-panel widget widget_sow-social-media-buttons\" data-index=\"2\" ><div\n\t\t\t\n\t\t\tclass=\"so-widget-sow-social-media-buttons so-widget-sow-social-media-buttons-atom-f725cee0c166-438\"\n\t\t\t\n\t\t>\n\n<div class=\"social-media-button-container\">\n\t\n\t\t<a \n\t\tclass=\"ow-button-hover sow-social-media-button-instagram-0 sow-social-media-button\" title=\"Dachshund Music on Instagram\" aria-label=\"Dachshund Music on Instagram\" target=\"_blank\" rel=\"noopener noreferrer\" href=\"https:\/\/www.instagram.com\/carnival_kid\" \t\t>\n\t\t\t<span>\n\t\t\t\t\t\t\t\t<span class=\"sow-icon-fontawesome sow-fab\" data-sow-icon=\"&#xf16d;\"\n\t\t \n\t\taria-hidden=\"true\"><\/span>\t\t\t\t\t\t\t<\/span>\n\t\t<\/a>\n\t\n\t\t<a \n\t\tclass=\"ow-button-hover sow-social-media-button-facebook-0 sow-social-media-button\" title=\"Dachshund Music on Facebook\" aria-label=\"Dachshund Music on Facebook\" target=\"_blank\" rel=\"noopener noreferrer\" href=\"https:\/\/www.facebook.com\/carnivalkid\" \t\t>\n\t\t\t<span>\n\t\t\t\t\t\t\t\t<span class=\"sow-icon-fontawesome sow-fab\" data-sow-icon=\"&#xf39e;\"\n\t\t \n\t\taria-hidden=\"true\"><\/span>\t\t\t\t\t\t\t<\/span>\n\t\t<\/a>\n\t\n\t\t<a \n\t\tclass=\"ow-button-hover sow-social-media-button-spotify-0 sow-social-media-button\" title=\"Dachshund Music on Spotify\" aria-label=\"Dachshund Music on Spotify\" target=\"_blank\" rel=\"noopener noreferrer\" href=\"https:\/\/open.spotify.com\/artist\/2eKByeyzXiENWd2pswsOQf\" \t\t>\n\t\t\t<span>\n\t\t\t\t\t\t\t\t<span class=\"sow-icon-fontawesome sow-fab\" data-sow-icon=\"&#xf1bc;\"\n\t\t \n\t\taria-hidden=\"true\"><\/span>\t\t\t\t\t\t\t<\/span>\n\t\t<\/a>\n\t\n\t\t<a \n\t\tclass=\"ow-button-hover sow-social-media-button-youtube-0 sow-social-media-button\" title=\"Dachshund Music on Youtube\" aria-label=\"Dachshund Music on Youtube\" target=\"_blank\" rel=\"noopener noreferrer\" href=\"https:\/\/www.youtube.com\/@IckyJovernante\" \t\t>\n\t\t\t<span>\n\t\t\t\t\t\t\t\t<span class=\"sow-icon-fontawesome sow-fab\" data-sow-icon=\"&#xf167;\"\n\t\t \n\t\taria-hidden=\"true\"><\/span>\t\t\t\t\t\t\t<\/span>\n\t\t<\/a>\n\t<\/div>\n<\/div><\/div><div id=\"panel-438-0-1-2\" class=\"so-panel widget widget_sow-editor panel-last-child\" data-index=\"3\" ><div\n\t\t\t\n\t\t\tclass=\"so-widget-sow-editor so-widget-sow-editor-base\"\n\t\t\t\n\t\t>\n<div class=\"siteorigin-widget-tinymce textwidget\">\n\t<h1>Biography<\/h1>\n<p>He is a singer-songwriter, teacher and also a father. Carnival Kid is so named because his son was born on 11 November at 11.11 a.m. in 2009. While the carnival season simply begins for carnival revellers, a whole new phase of life begins for Christian - and a promising solo project. Musically, he places himself, as he says himself, \u2018somewhere between fist-in-the-air anthems and relaxed bedroom pop\u2019. His songs describe a man trying to do his duty in life; they are partly funny, partly thought-provoking.<\/p>\n<p>In 2020, during the coronavirus pandemic, Christian founded the \u2018Regionale K\u00fcche\u2019 project. The former joint playlist for Thuringian musicians develops into an artist network with around 200 members.<\/p>\n<\/div>\n<\/div><\/div><\/div><\/div><div id=\"pg-438-1\"  class=\"panel-grid panel-no-style\" ><div id=\"pgc-438-1-0\"  class=\"panel-grid-cell\" ><div id=\"panel-438-1-0-0\" class=\"so-panel widget widget_sow-editor panel-first-child panel-last-child\" data-index=\"4\" ><div\n\t\t\t\n\t\t\tclass=\"so-widget-sow-editor so-widget-sow-editor-base\"\n\t\t\t\n\t\t>\n<div class=\"siteorigin-widget-tinymce textwidget\">\n\t<h3>Tracks<\/h3>\n<\/div>\n<\/div><\/div><\/div><\/div><div id=\"pg-438-2\"  class=\"panel-grid panel-no-style\" ><div id=\"pgc-438-2-0\"  class=\"panel-grid-cell\" ><div id=\"panel-438-2-0-0\" class=\"so-panel widget widget_sow-editor panel-first-child panel-last-child\" data-index=\"5\" ><div\n\t\t\t\n\t\t\tclass=\"so-widget-sow-editor so-widget-sow-editor-base\"\n\t\t\t\n\t\t>\n<div class=\"siteorigin-widget-tinymce textwidget\">\n\t<p><iframe style=\"border-radius:12px\" src=\"https:\/\/open.spotify.com\/embed\/artist\/2eKByeyzXiENWd2pswsOQf?utm_source=generator\" width=\"100%\" height=\"352\" frameborder=\"0\" allowfullscreen=\"\" allow=\"autoplay; clipboard-write; encrypted-media; fullscreen; picture-in-picture\" loading=\"lazy\"><\/iframe><\/p>\n<\/div>\n<\/div><\/div><\/div><\/div><div id=\"pg-438-3\"  class=\"panel-grid panel-no-style\" ><div id=\"pgc-438-3-0\"  class=\"panel-grid-cell\" ><div id=\"panel-438-3-0-0\" class=\"so-panel widget widget_sow-editor panel-first-child panel-last-child\" data-index=\"6\" ><div\n\t\t\t\n\t\t\tclass=\"so-widget-sow-editor so-widget-sow-editor-base\"\n\t\t\t\n\t\t>\n<div class=\"siteorigin-widget-tinymce textwidget\">\n\t<h3>Videos<\/h3>\n<\/div>\n<\/div><\/div><\/div><\/div><div id=\"pg-438-4\"  class=\"panel-grid panel-no-style\" ><div id=\"pgc-438-4-0\"  class=\"panel-grid-cell\" ><div id=\"panel-438-4-0-0\" class=\"so-panel widget widget_media_video panel-first-child\" data-index=\"7\" ><h3 class=\"widget-title\">The Remains (official music video)<\/h3><div style=\"width:100%;\" class=\"wp-video\"><video class=\"wp-video-shortcode\" id=\"video-438-1\" preload=\"metadata\" controls=\"controls\"><source type=\"video\/youtube\" src=\"https:\/\/youtu.be\/bsCawTkq6JI?si=fk8IHypYkTLZWIf_&#038;_=1\" \/><a href=\"https:\/\/youtu.be\/bsCawTkq6JI?si=fk8IHypYkTLZWIf_\">https:\/\/youtu.be\/bsCawTkq6JI?si=fk8IHypYkTLZWIf_<\/a><\/video><\/div><\/div><div id=\"panel-438-4-0-1\" class=\"so-panel widget widget_media_video panel-last-child\" data-index=\"8\" ><h3 class=\"widget-title\">Bestie (Official Music Video)<\/h3><div style=\"width:100%;\" class=\"wp-video\"><video class=\"wp-video-shortcode\" id=\"video-438-2\" preload=\"metadata\" controls=\"controls\"><source type=\"video\/youtube\" src=\"https:\/\/youtu.be\/chpaDL4hljQ?si=fkGBtmNbSZ6WTs0V&#038;_=2\" \/><a href=\"https:\/\/youtu.be\/chpaDL4hljQ?si=fkGBtmNbSZ6WTs0V\">https:\/\/youtu.be\/chpaDL4hljQ?si=fkGBtmNbSZ6WTs0V<\/a><\/video><\/div><\/div><\/div><div id=\"pgc-438-4-1\"  class=\"panel-grid-cell\" ><div id=\"panel-438-4-1-0\" class=\"so-panel widget widget_media_video panel-first-child\" data-index=\"9\" ><h3 class=\"widget-title\">Magic Trick (Official Music Video)<\/h3><div style=\"width:100%;\" class=\"wp-video\"><video class=\"wp-video-shortcode\" id=\"video-438-3\" preload=\"metadata\" controls=\"controls\"><source type=\"video\/youtube\" src=\"https:\/\/youtu.be\/qxEmf10IVM8?si=PV4CZBXhso7XPtsf&#038;_=3\" \/><a href=\"https:\/\/youtu.be\/qxEmf10IVM8?si=PV4CZBXhso7XPtsf\">https:\/\/youtu.be\/qxEmf10IVM8?si=PV4CZBXhso7XPtsf<\/a><\/video><\/div><\/div><div id=\"panel-438-4-1-1\" class=\"so-panel widget widget_media_video panel-last-child\" data-index=\"10\" ><h3 class=\"widget-title\">Wilde Tiere (Official Music Video)<\/h3><div style=\"width:100%;\" class=\"wp-video\"><video class=\"wp-video-shortcode\" id=\"video-438-4\" preload=\"metadata\" controls=\"controls\"><source type=\"video\/youtube\" src=\"https:\/\/youtu.be\/vyXH2afVF9U?si=Sgs5bfVJRU4iYgn1&#038;_=4\" \/><a href=\"https:\/\/youtu.be\/vyXH2afVF9U?si=Sgs5bfVJRU4iYgn1\">https:\/\/youtu.be\/vyXH2afVF9U?si=Sgs5bfVJRU4iYgn1<\/a><\/video><\/div><\/div><\/div><\/div><\/div>","protected":false},"excerpt":{"rendered":"<p>Carnival Kid K\u00fcnstler \/ Autor Alternative, Indie, Singer-Songwriter Erfurt, DE Biographie Er ist ein S\u00e4nger-Songwriter, Lehrer und auch ein Vater. Carnival Kid hei\u00dft so, weil sein Sohn am 11. November um 11.11 Uhr im Jahr 2009 zur Welt gekommen ist. W\u00e4hrend f\u00fcr Karnevalisten schlicht die n\u00e4rrische Zeit beginnt, startet f\u00fcr Christian ein ganz neuer Lebensabschnitt [&hellip;]<\/p>\n","protected":false},"author":1,"featured_media":0,"parent":245,"menu_order":0,"comment_status":"closed","ping_status":"closed","template":"templates\/template-full.php","meta":{"footnotes":""},"class_list":["post-438","page","type-page","status-publish","hentry","post"],"_links":{"self":[{"href":"https:\/\/dachshundmusic.com\/en\/wp-json\/wp\/v2\/pages\/438","targetHints":{"allow":["GET"]}}],"collection":[{"href":"https:\/\/dachshundmusic.com\/en\/wp-json\/wp\/v2\/pages"}],"about":[{"href":"https:\/\/dachshundmusic.com\/en\/wp-json\/wp\/v2\/types\/page"}],"author":[{"embeddable":true,"href":"https:\/\/dachshundmusic.com\/en\/wp-json\/wp\/v2\/users\/1"}],"replies":[{"embeddable":true,"href":"https:\/\/dachshundmusic.com\/en\/wp-json\/wp\/v2\/comments?post=438"}],"version-history":[{"count":3,"href":"https:\/\/dachshundmusic.com\/en\/wp-json\/wp\/v2\/pages\/438\/revisions"}],"predecessor-version":[{"id":441,"href":"https:\/\/dachshundmusic.com\/en\/wp-json\/wp\/v2\/pages\/438\/revisions\/441"}],"up":[{"embeddable":true,"href":"https:\/\/dachshundmusic.com\/en\/wp-json\/wp\/v2\/pages\/245"}],"wp:attachment":[{"href":"https:\/\/dachshundmusic.com\/en\/wp-json\/wp\/v2\/media?parent=438"}],"curies":[{"name":"wp","href":"https:\/\/api.w.org\/{rel}","templated":true}]}}