{"id":415,"date":"2024-05-02T09:18:03","date_gmt":"2024-05-02T09:18:03","guid":{"rendered":"https:\/\/dachshundmusic.com\/?page_id=415"},"modified":"2024-09-16T12:36:35","modified_gmt":"2024-09-16T12:36:35","slug":"andrea-dee","status":"publish","type":"page","link":"https:\/\/dachshundmusic.com\/en\/artists-writer\/andrea-dee\/","title":{"rendered":"Andrea Dee"},"content":{"rendered":"<div id=\"pl-415\"  class=\"panel-layout\" ><div id=\"pg-415-0\"  class=\"panel-grid panel-no-style\" ><div id=\"pgc-415-0-0\"  class=\"panel-grid-cell\" ><div id=\"panel-415-0-0-0\" class=\"so-panel widget widget_sow-image panel-first-child panel-last-child\" data-index=\"0\" ><div\n\t\t\t\n\t\t\tclass=\"so-widget-sow-image so-widget-sow-image-default-8b5b6f678277-415\"\n\t\t\t\n\t\t>\n<div class=\"sow-image-container\">\n\t\t<img \n\tsrc=\"https:\/\/dachshundmusic.com\/wp-content\/uploads\/sites\/5\/2023\/05\/Andrea-Dee.jpeg\" width=\"1050\" height=\"1050\" srcset=\"https:\/\/dachshundmusic.com\/wp-content\/uploads\/sites\/5\/2023\/05\/Andrea-Dee.jpeg 1050w, https:\/\/dachshundmusic.com\/wp-content\/uploads\/sites\/5\/2023\/05\/Andrea-Dee-300x300.jpeg 300w, https:\/\/dachshundmusic.com\/wp-content\/uploads\/sites\/5\/2023\/05\/Andrea-Dee-1024x1024.jpeg 1024w, https:\/\/dachshundmusic.com\/wp-content\/uploads\/sites\/5\/2023\/05\/Andrea-Dee-150x150.jpeg 150w, https:\/\/dachshundmusic.com\/wp-content\/uploads\/sites\/5\/2023\/05\/Andrea-Dee-768x768.jpeg 768w, https:\/\/dachshundmusic.com\/wp-content\/uploads\/sites\/5\/2023\/05\/Andrea-Dee-12x12.jpeg 12w\" sizes=\"(max-width: 1050px) 100vw, 1050px\" title=\"Andrea Dee\" alt=\"\" \t\tclass=\"so-widget-image\"\/>\n\t<\/div>\n\n<\/div><\/div><\/div><div id=\"pgc-415-0-1\"  class=\"panel-grid-cell\" ><div id=\"panel-415-0-1-0\" class=\"so-panel widget widget_sow-editor panel-first-child\" data-index=\"1\" ><div\n\t\t\t\n\t\t\tclass=\"so-widget-sow-editor so-widget-sow-editor-base\"\n\t\t\t\n\t\t>\n<div class=\"siteorigin-widget-tinymce textwidget\">\n\t<h1>Andrea Dee<\/h1>\n<p><em><strong>Artist \/ Writer<\/strong><\/em><br \/>\n<em><strong>Pop, Alternative, Indie<\/strong><\/em><br \/>\n<em><strong>London, UK<\/strong><\/em><\/p>\n<\/div>\n<\/div><\/div><div id=\"panel-415-0-1-1\" class=\"so-panel widget widget_sow-social-media-buttons\" data-index=\"2\" ><div\n\t\t\t\n\t\t\tclass=\"so-widget-sow-social-media-buttons so-widget-sow-social-media-buttons-atom-300c6ceebab1-415\"\n\t\t\t\n\t\t>\n\n<div class=\"social-media-button-container\">\n\t\n\t\t<a \n\t\tclass=\"ow-button-hover sow-social-media-button-instagram-0 sow-social-media-button\" title=\"Dachshund Music on Instagram\" aria-label=\"Dachshund Music on Instagram\" target=\"_blank\" rel=\"noopener noreferrer\" href=\"https:\/\/www.instagram.com\/theandreadee\" \t\t>\n\t\t\t<span>\n\t\t\t\t\t\t\t\t<span class=\"sow-icon-fontawesome sow-fab\" data-sow-icon=\"&#xf16d;\"\n\t\t \n\t\taria-hidden=\"true\"><\/span>\t\t\t\t\t\t\t<\/span>\n\t\t<\/a>\n\t\n\t\t<a \n\t\tclass=\"ow-button-hover sow-social-media-button-tiktok-0 sow-social-media-button\" title=\"Dachshund Music on Tiktok\" aria-label=\"Dachshund Music on Tiktok\" target=\"_blank\" rel=\"noopener noreferrer\" href=\"https:\/\/www.tiktok.com\/@theandreadee\" \t\t>\n\t\t\t<span>\n\t\t\t\t\t\t\t\t<span class=\"sow-icon-fontawesome sow-fab\" data-sow-icon=\"&#xe07b;\"\n\t\t \n\t\taria-hidden=\"true\"><\/span>\t\t\t\t\t\t\t<\/span>\n\t\t<\/a>\n\t\n\t\t<a \n\t\tclass=\"ow-button-hover sow-social-media-button-facebook-0 sow-social-media-button\" title=\"Dachshund Music on Facebook\" aria-label=\"Dachshund Music on Facebook\" target=\"_blank\" rel=\"noopener noreferrer\" href=\"https:\/\/www.facebook.com\/theandreadee\" \t\t>\n\t\t\t<span>\n\t\t\t\t\t\t\t\t<span class=\"sow-icon-fontawesome sow-fab\" data-sow-icon=\"&#xf39e;\"\n\t\t \n\t\taria-hidden=\"true\"><\/span>\t\t\t\t\t\t\t<\/span>\n\t\t<\/a>\n\t\n\t\t<a \n\t\tclass=\"ow-button-hover sow-social-media-button-spotify-0 sow-social-media-button\" title=\"Dachshund Music on Spotify\" aria-label=\"Dachshund Music on Spotify\" target=\"_blank\" rel=\"noopener noreferrer\" href=\"https:\/\/open.spotify.com\/artist\/5jT2BQS6mhv4pPvG1Tp1hj\" \t\t>\n\t\t\t<span>\n\t\t\t\t\t\t\t\t<span class=\"sow-icon-fontawesome sow-fab\" data-sow-icon=\"&#xf1bc;\"\n\t\t \n\t\taria-hidden=\"true\"><\/span>\t\t\t\t\t\t\t<\/span>\n\t\t<\/a>\n\t\n\t\t<a \n\t\tclass=\"ow-button-hover sow-social-media-button-youtube-0 sow-social-media-button\" title=\"Dachshund Music on Youtube\" aria-label=\"Dachshund Music on Youtube\" target=\"_blank\" rel=\"noopener noreferrer\" href=\"https:\/\/www.youtube.com\/c\/AndreaDee\" \t\t>\n\t\t\t<span>\n\t\t\t\t\t\t\t\t<span class=\"sow-icon-fontawesome sow-fab\" data-sow-icon=\"&#xf167;\"\n\t\t \n\t\taria-hidden=\"true\"><\/span>\t\t\t\t\t\t\t<\/span>\n\t\t<\/a>\n\t<\/div>\n<\/div><\/div><div id=\"panel-415-0-1-2\" class=\"so-panel widget widget_sow-editor panel-last-child\" data-index=\"3\" ><div\n\t\t\t\n\t\t\tclass=\"so-widget-sow-editor so-widget-sow-editor-base\"\n\t\t\t\n\t\t>\n<div class=\"siteorigin-widget-tinymce textwidget\">\n\t<h1>Biography<\/h1>\n<p class=\"p1\">She can do it all! Andrea Dee is an international songwriter, composer and entertainer who works with artists all over the world. No wonder, as she can look back on 20 years of experience in the music industry. Her music radiates with pride - a mixture of Joan Jett, a female Lenny Kravitz and Freddie Mercury. Andrea Dee's charisma on stage is intense and captivating - she is able to cast a spell over her fans. This was also the case at this year's The Great Escape Festival in Brighton in May. Whether with the creative and unique single series \"Truth and Dare\", rounded off with a brilliant stage show, or with her monthly live event \"Amplify Her\", which supports women in the music industry - Andrea Dee is constantly reinventing herself. Her latest song \"Be Her\" should serve as a life motto for many.<\/p>\n<\/div>\n<\/div><\/div><\/div><\/div><div id=\"pg-415-1\"  class=\"panel-grid panel-no-style\" ><div id=\"pgc-415-1-0\"  class=\"panel-grid-cell\" ><div id=\"panel-415-1-0-0\" class=\"so-panel widget widget_sow-editor panel-first-child panel-last-child\" data-index=\"4\" ><div\n\t\t\t\n\t\t\tclass=\"so-widget-sow-editor so-widget-sow-editor-base\"\n\t\t\t\n\t\t>\n<div class=\"siteorigin-widget-tinymce textwidget\">\n\t<h3>Tracks<\/h3>\n<\/div>\n<\/div><\/div><\/div><\/div><div id=\"pg-415-2\"  class=\"panel-grid panel-no-style\" ><div id=\"pgc-415-2-0\"  class=\"panel-grid-cell\" ><div id=\"panel-415-2-0-0\" class=\"so-panel widget widget_sow-editor panel-first-child panel-last-child\" data-index=\"5\" ><div\n\t\t\t\n\t\t\tclass=\"so-widget-sow-editor so-widget-sow-editor-base\"\n\t\t\t\n\t\t>\n<div class=\"siteorigin-widget-tinymce textwidget\">\n\t<p><iframe style=\"border-radius:12px\" src=\"https:\/\/open.spotify.com\/embed\/artist\/5jT2BQS6mhv4pPvG1Tp1hj?utm_source=generator\" width=\"100%\" height=\"352\" frameborder=\"0\" allowfullscreen=\"\" allow=\"autoplay; clipboard-write; encrypted-media; fullscreen; picture-in-picture\" loading=\"lazy\"><\/iframe><\/p>\n<\/div>\n<\/div><\/div><\/div><\/div><div id=\"pg-415-3\"  class=\"panel-grid panel-no-style\" ><div id=\"pgc-415-3-0\"  class=\"panel-grid-cell\" ><div id=\"panel-415-3-0-0\" class=\"so-panel widget widget_sow-editor panel-first-child panel-last-child\" data-index=\"6\" ><div\n\t\t\t\n\t\t\tclass=\"so-widget-sow-editor so-widget-sow-editor-base\"\n\t\t\t\n\t\t>\n<div class=\"siteorigin-widget-tinymce textwidget\">\n\t<h3>Videos<\/h3>\n<\/div>\n<\/div><\/div><\/div><\/div><div id=\"pg-415-4\"  class=\"panel-grid panel-no-style\" ><div id=\"pgc-415-4-0\"  class=\"panel-grid-cell\" ><div id=\"panel-415-4-0-0\" class=\"so-panel widget widget_media_video panel-first-child\" data-index=\"7\" ><h3 class=\"widget-title\">Be Her (Official Music Video)<\/h3><div style=\"width:100%;\" class=\"wp-video\"><video class=\"wp-video-shortcode\" id=\"video-415-1\" preload=\"metadata\" controls=\"controls\"><source type=\"video\/youtube\" src=\"https:\/\/youtu.be\/cQselI2Cb_A?si=N8PHy-p7MSnw26M6&#038;_=1\" \/><a href=\"https:\/\/youtu.be\/cQselI2Cb_A?si=N8PHy-p7MSnw26M6\">https:\/\/youtu.be\/cQselI2Cb_A?si=N8PHy-p7MSnw26M6<\/a><\/video><\/div><\/div><div id=\"panel-415-4-0-1\" class=\"so-panel widget widget_media_video panel-last-child\" data-index=\"8\" ><h3 class=\"widget-title\">Je suis seule (Official Music Video)<\/h3><div style=\"width:100%;\" class=\"wp-video\"><video class=\"wp-video-shortcode\" id=\"video-415-2\" preload=\"metadata\" controls=\"controls\"><source type=\"video\/youtube\" src=\"https:\/\/youtu.be\/Rfk7dmue8yA?si=Q7E1Odmn_13VjjEZ&#038;_=2\" \/><a href=\"https:\/\/youtu.be\/Rfk7dmue8yA?si=Q7E1Odmn_13VjjEZ\">https:\/\/youtu.be\/Rfk7dmue8yA?si=Q7E1Odmn_13VjjEZ<\/a><\/video><\/div><\/div><\/div><div id=\"pgc-415-4-1\"  class=\"panel-grid-cell\" ><div id=\"panel-415-4-1-0\" class=\"so-panel widget widget_media_video panel-first-child\" data-index=\"9\" ><h3 class=\"widget-title\">Somehow (Official Music Video)<\/h3><div style=\"width:100%;\" class=\"wp-video\"><video class=\"wp-video-shortcode\" id=\"video-415-3\" preload=\"metadata\" controls=\"controls\"><source type=\"video\/youtube\" src=\"https:\/\/youtu.be\/iSKMCkYOw4w?si=J4FNb4ladwdnHwEq&#038;_=3\" \/><a href=\"https:\/\/youtu.be\/iSKMCkYOw4w?si=J4FNb4ladwdnHwEq\">https:\/\/youtu.be\/iSKMCkYOw4w?si=J4FNb4ladwdnHwEq<\/a><\/video><\/div><\/div><div id=\"panel-415-4-1-1\" class=\"so-panel widget widget_media_video panel-last-child\" data-index=\"10\" ><h3 class=\"widget-title\">Not Sorry (Official Music Video)<\/h3><div style=\"width:100%;\" class=\"wp-video\"><video class=\"wp-video-shortcode\" id=\"video-415-4\" preload=\"metadata\" controls=\"controls\"><source type=\"video\/youtube\" src=\"https:\/\/youtu.be\/qe7zl6ub56k?si=KkshLYenhdT8Tere&#038;_=4\" \/><a href=\"https:\/\/youtu.be\/qe7zl6ub56k?si=KkshLYenhdT8Tere\">https:\/\/youtu.be\/qe7zl6ub56k?si=KkshLYenhdT8Tere<\/a><\/video><\/div><\/div><\/div><\/div><\/div>","protected":false},"excerpt":{"rendered":"<p>Andrea Dee K\u00fcnstlerin \/ Autorin Pop, Alternative, Indie London, UK Biographie Sie kann alles! Andrea Dee ist eine internationale Songwriterin, Komponistin und Entertainerin, die mit K\u00fcnstlerinnen und K\u00fcnstlern auf der ganzen Welt zusammenarbeitet. Kein Wunder, denn schlie\u00dflich blickt sie auf 20 Jahre Erfahrung in der Musikbranche zur\u00fcck. Ihre Musik strahlt voller Stolz \u2013 eine Mischung [&hellip;]<\/p>\n","protected":false},"author":1,"featured_media":0,"parent":245,"menu_order":0,"comment_status":"closed","ping_status":"closed","template":"templates\/template-full.php","meta":{"footnotes":""},"class_list":["post-415","page","type-page","status-publish","hentry","post"],"_links":{"self":[{"href":"https:\/\/dachshundmusic.com\/en\/wp-json\/wp\/v2\/pages\/415","targetHints":{"allow":["GET"]}}],"collection":[{"href":"https:\/\/dachshundmusic.com\/en\/wp-json\/wp\/v2\/pages"}],"about":[{"href":"https:\/\/dachshundmusic.com\/en\/wp-json\/wp\/v2\/types\/page"}],"author":[{"embeddable":true,"href":"https:\/\/dachshundmusic.com\/en\/wp-json\/wp\/v2\/users\/1"}],"replies":[{"embeddable":true,"href":"https:\/\/dachshundmusic.com\/en\/wp-json\/wp\/v2\/comments?post=415"}],"version-history":[{"count":11,"href":"https:\/\/dachshundmusic.com\/en\/wp-json\/wp\/v2\/pages\/415\/revisions"}],"predecessor-version":[{"id":417,"href":"https:\/\/dachshundmusic.com\/en\/wp-json\/wp\/v2\/pages\/415\/revisions\/417"}],"up":[{"embeddable":true,"href":"https:\/\/dachshundmusic.com\/en\/wp-json\/wp\/v2\/pages\/245"}],"wp:attachment":[{"href":"https:\/\/dachshundmusic.com\/en\/wp-json\/wp\/v2\/media?parent=415"}],"curies":[{"name":"wp","href":"https:\/\/api.w.org\/{rel}","templated":true}]}}