{"id":33,"date":"2023-01-28T13:05:12","date_gmt":"2023-01-28T13:05:12","guid":{"rendered":"http:\/\/dachshundmusic.com\/?page_id=33"},"modified":"2023-06-02T12:51:45","modified_gmt":"2023-06-02T12:51:45","slug":"artists","status":"publish","type":"page","link":"https:\/\/dachshundmusic.com\/en\/services\/artists\/","title":{"rendered":"For Artists"},"content":{"rendered":"<div id=\"pl-33\"  class=\"panel-layout\" ><div id=\"pg-33-0\"  class=\"panel-grid panel-no-style\" ><div id=\"pgc-33-0-0\"  class=\"panel-grid-cell\" ><div id=\"panel-33-0-0-0\" class=\"so-panel widget widget_sow-image panel-first-child panel-last-child\" data-index=\"0\" ><div\n\t\t\t\n\t\t\tclass=\"so-widget-sow-image so-widget-sow-image-default-c67d20f9f743-33\"\n\t\t\t\n\t\t>\n<div class=\"sow-image-container\">\n\t\t<img \n\tsrc=\"https:\/\/dachshundmusic.com\/wp-content\/uploads\/sites\/5\/2023\/05\/Artists-e1683621472188.png\" width=\"700\" height=\"581\" srcset=\"https:\/\/dachshundmusic.com\/wp-content\/uploads\/sites\/5\/2023\/05\/Artists-e1683621472188.png 700w, https:\/\/dachshundmusic.com\/wp-content\/uploads\/sites\/5\/2023\/05\/Artists-e1683621472188-300x249.png 300w, https:\/\/dachshundmusic.com\/wp-content\/uploads\/sites\/5\/2023\/05\/Artists-e1683621472188-14x12.png 14w\" sizes=\"(max-width: 700px) 100vw, 700px\" title=\"Artists\" alt=\"\" \t\tclass=\"so-widget-image\"\/>\n\t<\/div>\n\n<\/div><\/div><\/div><\/div><div id=\"pg-33-1\"  class=\"panel-grid panel-no-style\" ><div id=\"pgc-33-1-0\"  class=\"panel-grid-cell\" ><div id=\"panel-33-1-0-0\" class=\"so-panel widget widget_sow-editor panel-first-child panel-last-child\" data-index=\"1\" ><div\n\t\t\t\n\t\t\tclass=\"so-widget-sow-editor so-widget-sow-editor-base\"\n\t\t\t\n\t\t>\n<div class=\"siteorigin-widget-tinymce textwidget\">\n\t<p style=\"text-align: center;\">Are you an artist? You would like to concentrate fully on what you enjoy and what inspires you? Your music! Dachshund Music takes away the stuff that slows you down, so you can fully concentrate on your artistic work! We offer the infrastructure of a traditional label, at almost the same conditions that only a digital distributor can offer you. You keep control of your creativity, make all decisions independently and decide which services you want to use. Interested? We will be happy to make you an individual offer!<\/p>\n<\/div>\n<\/div><\/div><\/div><\/div><div id=\"pg-33-2\"  class=\"panel-grid panel-no-style\" ><div id=\"pgc-33-2-0\"  class=\"panel-grid-cell\" ><div id=\"panel-33-2-0-0\" class=\"so-panel widget widget_sow-image panel-first-child panel-last-child\" data-index=\"2\" ><div\n\t\t\t\n\t\t\tclass=\"so-widget-sow-image so-widget-sow-image-default-c67d20f9f743-33\"\n\t\t\t\n\t\t>\n<div class=\"sow-image-container\">\n\t\t<img \n\tsrc=\"https:\/\/dachshundmusic.com\/wp-content\/uploads\/sites\/5\/2023\/05\/Artists1-300x300.png\" width=\"300\" height=\"300\" srcset=\"https:\/\/dachshundmusic.com\/wp-content\/uploads\/sites\/5\/2023\/05\/Artists1-300x300.png 300w, https:\/\/dachshundmusic.com\/wp-content\/uploads\/sites\/5\/2023\/05\/Artists1-1024x1024.png 1024w, https:\/\/dachshundmusic.com\/wp-content\/uploads\/sites\/5\/2023\/05\/Artists1-150x150.png 150w, https:\/\/dachshundmusic.com\/wp-content\/uploads\/sites\/5\/2023\/05\/Artists1-768x768.png 768w, https:\/\/dachshundmusic.com\/wp-content\/uploads\/sites\/5\/2023\/05\/Artists1-12x12.png 12w, https:\/\/dachshundmusic.com\/wp-content\/uploads\/sites\/5\/2023\/05\/Artists1.png 1500w\" sizes=\"(max-width: 300px) 100vw, 300px\" alt=\"\" \t\tclass=\"so-widget-image\"\/>\n\t<\/div>\n\n<\/div><\/div><\/div><div id=\"pgc-33-2-1\"  class=\"panel-grid-cell\" ><div id=\"panel-33-2-1-0\" class=\"so-panel widget widget_sow-editor panel-first-child panel-last-child\" data-index=\"3\" ><div\n\t\t\t\n\t\t\tclass=\"so-widget-sow-editor so-widget-sow-editor-base\"\n\t\t\t\n\t\t>\n<div class=\"siteorigin-widget-tinymce textwidget\">\n\t<h4 style=\"text-align: center;\">What we can do for you<\/h4>\n<ul>\n<li>Digital distribution together with our strong partner Kontor New Media<\/li>\n<li>PR services<\/li>\n<li>Playlist promotion<\/li>\n<li>Radio promotion<\/li>\n<li>Social media marketing<\/li>\n<li>Licensing for film, television, advertising and computer games<\/li>\n<li>Support and administration<\/li>\n<\/ul>\n<\/div>\n<\/div><\/div><\/div><div id=\"pgc-33-2-2\"  class=\"panel-grid-cell\" ><div id=\"panel-33-2-2-0\" class=\"so-panel widget widget_sow-editor panel-first-child panel-last-child\" data-index=\"4\" ><div\n\t\t\t\n\t\t\tclass=\"so-widget-sow-editor so-widget-sow-editor-base\"\n\t\t\t\n\t\t>\n<div class=\"siteorigin-widget-tinymce textwidget\">\n\t<h4 style=\"text-align: center;\">What we promise you<\/h4>\n<ul>\n<li>No hidden costs or hooks<\/li>\n<li>Clearly understandable agreements, which are always individually adapted<\/li>\n<li>Reports on our activities on a regular basis<\/li>\n<li>Cooperation on equal terms<\/li>\n<li>Regular exchange<\/li>\n<li>Transparent and comprehensible accounting<\/li>\n<li>Fast trouble shooting<\/li>\n<\/ul>\n<\/div>\n<\/div><\/div><\/div><\/div><div id=\"pg-33-3\"  class=\"panel-grid panel-no-style\" ><div id=\"pgc-33-3-0\"  class=\"panel-grid-cell\" ><div id=\"panel-33-3-0-0\" class=\"so-panel widget widget_circleicon-widget panel-first-child panel-last-child\" data-index=\"5\" >\t\t<div class=\"circle-icon-box circle-icon-position-top circle-icon-hide-box circle-icon-size-large\">\n\t\t\t\t\t\t\t<div class=\"circle-icon-wrapper\">\n\t\t\t\t\t\t\t\t\t\t<a href=\"https:\/\/dachshundmusic.com\/en\/contact\/\" class=\"link-icon\" >\t\t\t\t\t<div class=\"circle-icon icon-style-set\" style=\"background-image: url(https:\/\/dachshundmusic.com\/wp-content\/uploads\/sites\/5\/2023\/04\/Zeichenflaeche-1-Kopie-12.png);background-color: #ffffff\">\n\t\t\t\t\t\t\t\t\t\t\t<\/div>\n\t\t\t\t\t<\/a>\t\t\t\t<\/div>\n\t\t\t\n\t\t\t\t\t\t\t<a\n\t\t\t\t\thref=\"https:\/\/dachshundmusic.com\/en\/contact\/\"\n\t\t\t\t\tclass=\"link-title\" \t\t\t\t>\n\t\t\t\t\t\t\t\t\t\t\t\t\t<\/a>\n\t\t\t\n\t\t\t\t\t\t\t\t\t\t<a\n\t\t\t\t\thref=\"https:\/\/dachshundmusic.com\/en\/contact\/\"\n\t\t\t\t\tclass=\"more-button\"\n\t\t\t\t\t\t\t\t\t>\n\t\t\t\t\tGet in contact\t\t\t\t\t<i><\/i>\n\t\t\t\t<\/a>\n\t\t\t\t\t<\/div>\n\t\t<\/div><\/div><\/div><\/div>","protected":false},"excerpt":{"rendered":"<p>Du bist K\u00fcnstler oder K\u00fcnstlerin? Du m\u00f6chtest dich voll und ganz auf das konzentrieren, was dir Spa\u00df macht und dich inspiriert? Deine Musik! Dachshund Music nimmt dir ab, was dich ausbremst, damit du im k\u00fcnstlerischen Wirken Vollgas geben kannst! Wir bieten dir die Infrastruktur eines klassischen Labels, zu nahezu den Konditionen, die dir sonst nur [&hellip;]<\/p>\n","protected":false},"author":1,"featured_media":0,"parent":22,"menu_order":0,"comment_status":"closed","ping_status":"closed","template":"","meta":{"footnotes":""},"class_list":["post-33","page","type-page","status-publish","hentry","post"],"_links":{"self":[{"href":"https:\/\/dachshundmusic.com\/en\/wp-json\/wp\/v2\/pages\/33","targetHints":{"allow":["GET"]}}],"collection":[{"href":"https:\/\/dachshundmusic.com\/en\/wp-json\/wp\/v2\/pages"}],"about":[{"href":"https:\/\/dachshundmusic.com\/en\/wp-json\/wp\/v2\/types\/page"}],"author":[{"embeddable":true,"href":"https:\/\/dachshundmusic.com\/en\/wp-json\/wp\/v2\/users\/1"}],"replies":[{"embeddable":true,"href":"https:\/\/dachshundmusic.com\/en\/wp-json\/wp\/v2\/comments?post=33"}],"version-history":[{"count":25,"href":"https:\/\/dachshundmusic.com\/en\/wp-json\/wp\/v2\/pages\/33\/revisions"}],"predecessor-version":[{"id":366,"href":"https:\/\/dachshundmusic.com\/en\/wp-json\/wp\/v2\/pages\/33\/revisions\/366"}],"up":[{"embeddable":true,"href":"https:\/\/dachshundmusic.com\/en\/wp-json\/wp\/v2\/pages\/22"}],"wp:attachment":[{"href":"https:\/\/dachshundmusic.com\/en\/wp-json\/wp\/v2\/media?parent=33"}],"curies":[{"name":"wp","href":"https:\/\/api.w.org\/{rel}","templated":true}]}}