{"id":29,"date":"2023-01-28T13:03:12","date_gmt":"2023-01-28T13:03:12","guid":{"rendered":"http:\/\/dachshundmusic.com\/?page_id=29"},"modified":"2024-02-03T17:33:12","modified_gmt":"2024-02-03T17:33:12","slug":"publishers","status":"publish","type":"page","link":"https:\/\/dachshundmusic.com\/en\/services\/publishers\/","title":{"rendered":"For Publishers"},"content":{"rendered":"<div id=\"pl-29\"  class=\"panel-layout\" ><div id=\"pg-29-0\"  class=\"panel-grid panel-no-style\" ><div id=\"pgc-29-0-0\"  class=\"panel-grid-cell\" ><div id=\"panel-29-0-0-0\" class=\"so-panel widget widget_sow-image panel-first-child panel-last-child\" data-index=\"0\" ><div\n\t\t\t\n\t\t\tclass=\"so-widget-sow-image so-widget-sow-image-default-c67d20f9f743-29\"\n\t\t\t\n\t\t>\n<div class=\"sow-image-container\">\n\t\t<img \n\tsrc=\"https:\/\/dachshundmusic.com\/wp-content\/uploads\/sites\/5\/2023\/04\/Publishers-e1683622249525.png\" width=\"700\" height=\"609\" srcset=\"https:\/\/dachshundmusic.com\/wp-content\/uploads\/sites\/5\/2023\/04\/Publishers-e1683622249525.png 700w, https:\/\/dachshundmusic.com\/wp-content\/uploads\/sites\/5\/2023\/04\/Publishers-e1683622249525-300x261.png 300w, https:\/\/dachshundmusic.com\/wp-content\/uploads\/sites\/5\/2023\/04\/Publishers-e1683622249525-14x12.png 14w\" sizes=\"(max-width: 700px) 100vw, 700px\" title=\"Publishers\" alt=\"\" \t\tclass=\"so-widget-image\"\/>\n\t<\/div>\n\n<\/div><\/div><\/div><\/div><div id=\"pg-29-1\"  class=\"panel-grid panel-no-style\" ><div id=\"pgc-29-1-0\"  class=\"panel-grid-cell\" ><div id=\"panel-29-1-0-0\" class=\"so-panel widget widget_sow-editor panel-first-child panel-last-child\" data-index=\"1\" ><div\n\t\t\t\n\t\t\tclass=\"so-widget-sow-editor so-widget-sow-editor-base\"\n\t\t\t\n\t\t>\n<div class=\"siteorigin-widget-tinymce textwidget\">\n\t<p style=\"text-align: center;\">You are a music publisher and are looking for a partner? No matter whether you are based in Germany or abroad and how large your catalogue is, we are sure to find the right cooperation. Let's bundle our competences and become even more powerful together. Regular dialogue is extremely important to us. We would also be happy about joint cowriting sessions and songwriting camps. Get in touch with us and we'll discuss how we can get things moving together.<\/p>\n<\/div>\n<\/div><\/div><\/div><\/div><div id=\"pg-29-2\"  class=\"panel-grid panel-no-style\" ><div id=\"pgc-29-2-0\"  class=\"panel-grid-cell\" ><div id=\"panel-29-2-0-0\" class=\"so-panel widget widget_sow-image panel-first-child panel-last-child\" data-index=\"2\" ><div\n\t\t\t\n\t\t\tclass=\"so-widget-sow-image so-widget-sow-image-default-8b5b6f678277-29\"\n\t\t\t\n\t\t>\n<div class=\"sow-image-container\">\n\t\t<img \n\tsrc=\"https:\/\/dachshundmusic.com\/wp-content\/uploads\/sites\/5\/2023\/04\/Publishers1-300x300.png\" width=\"300\" height=\"300\" srcset=\"https:\/\/dachshundmusic.com\/wp-content\/uploads\/sites\/5\/2023\/04\/Publishers1-300x300.png 300w, https:\/\/dachshundmusic.com\/wp-content\/uploads\/sites\/5\/2023\/04\/Publishers1-1024x1024.png 1024w, https:\/\/dachshundmusic.com\/wp-content\/uploads\/sites\/5\/2023\/04\/Publishers1-150x150.png 150w, https:\/\/dachshundmusic.com\/wp-content\/uploads\/sites\/5\/2023\/04\/Publishers1-768x768.png 768w, https:\/\/dachshundmusic.com\/wp-content\/uploads\/sites\/5\/2023\/04\/Publishers1-12x12.png 12w, https:\/\/dachshundmusic.com\/wp-content\/uploads\/sites\/5\/2023\/04\/Publishers1.png 1500w\" sizes=\"(max-width: 300px) 100vw, 300px\" alt=\"\" \t\tclass=\"so-widget-image\"\/>\n\t<\/div>\n\n<\/div><\/div><\/div><div id=\"pgc-29-2-1\"  class=\"panel-grid-cell\" ><div id=\"panel-29-2-1-0\" class=\"so-panel widget widget_sow-editor panel-first-child panel-last-child\" data-index=\"3\" ><div\n\t\t\t\n\t\t\tclass=\"so-widget-sow-editor so-widget-sow-editor-base\"\n\t\t\t\n\t\t>\n<div class=\"siteorigin-widget-tinymce textwidget\">\n\t<h4 style=\"text-align: center;\">What we can do for you<\/h4>\n<ul>\n<li>Sub-publishing for foreign publishers as a representative in Germany, Austria and the United Kingdom<\/li>\n<li>Administration and accounting with collecting societies<\/li>\n<li>Joint songwriting camps<\/li>\n<li>Monitoring, income tracking, claiming<\/li>\n<li>Accounting<\/li>\n<\/ul>\n<\/div>\n<\/div><\/div><\/div><div id=\"pgc-29-2-2\"  class=\"panel-grid-cell\" ><div id=\"panel-29-2-2-0\" class=\"so-panel widget widget_sow-editor panel-first-child panel-last-child\" data-index=\"4\" ><div\n\t\t\t\n\t\t\tclass=\"so-widget-sow-editor so-widget-sow-editor-base\"\n\t\t\t\n\t\t>\n<div class=\"siteorigin-widget-tinymce textwidget\">\n\t<h4 style=\"text-align: center;\">What we promise you<\/h4>\n<ul>\n<li>Clearly understandable agreements, which are always individually adapted<\/li>\n<li>Reports on our activities on a regular basis<\/li>\n<li>Professional cooperation<\/li>\n<li>Regular exchange<\/li>\n<li>Transparent and comprehensible accounting<\/li>\n<li>Proactive acting<\/li>\n<\/ul>\n<\/div>\n<\/div><\/div><\/div><\/div><div id=\"pg-29-3\"  class=\"panel-grid panel-no-style\" ><div id=\"pgc-29-3-0\"  class=\"panel-grid-cell\" ><div id=\"panel-29-3-0-0\" class=\"so-panel widget widget_circleicon-widget panel-first-child panel-last-child\" data-index=\"5\" >\t\t<div class=\"circle-icon-box circle-icon-position-top circle-icon-hide-box circle-icon-size-large\">\n\t\t\t\t\t\t\t<div class=\"circle-icon-wrapper\">\n\t\t\t\t\t\t\t\t\t\t<a href=\"https:\/\/dachshundmusic.com\/en\/contact\/\" class=\"link-icon\" >\t\t\t\t\t<div class=\"circle-icon icon-style-set\" style=\"background-image: url(https:\/\/dachshundmusic.com\/wp-content\/uploads\/sites\/5\/2023\/04\/Zeichenflaeche-1-Kopie-12.png);background-color: #ffffff\">\n\t\t\t\t\t\t\t\t\t\t\t<\/div>\n\t\t\t\t\t<\/a>\t\t\t\t<\/div>\n\t\t\t\n\t\t\t\t\t\t\t<a\n\t\t\t\t\thref=\"https:\/\/dachshundmusic.com\/en\/contact\/\"\n\t\t\t\t\tclass=\"link-title\" \t\t\t\t>\n\t\t\t\t\t\t\t\t\t\t\t\t\t<\/a>\n\t\t\t\n\t\t\t\t\t\t\t\t\t\t<a\n\t\t\t\t\thref=\"https:\/\/dachshundmusic.com\/en\/contact\/\"\n\t\t\t\t\tclass=\"more-button\"\n\t\t\t\t\t\t\t\t\t>\n\t\t\t\t\tGet in contact\t\t\t\t\t<i><\/i>\n\t\t\t\t<\/a>\n\t\t\t\t\t<\/div>\n\t\t<\/div><\/div><\/div><\/div>","protected":false},"excerpt":{"rendered":"<p>Du hast einen Musikverlag und suchst einen Partner? Egal ob du in Deutschland oder dem Ausland angesiedelt bist und wie gro\u00df dein Katalog ist, wir finden bestimmt die passende Kooperation. Lass uns unsere Kompetenzen b\u00fcndeln und gemeinsam noch schlagkr\u00e4ftiger werden. Ein regelm\u00e4\u00dfiger qualifizierter Austausch ist uns daher besonders wichtig. Freuen w\u00fcrden wir uns \u00fcber gemeinsame [&hellip;]<\/p>\n","protected":false},"author":1,"featured_media":0,"parent":22,"menu_order":0,"comment_status":"closed","ping_status":"closed","template":"","meta":{"footnotes":""},"class_list":["post-29","page","type-page","status-publish","hentry","post"],"_links":{"self":[{"href":"https:\/\/dachshundmusic.com\/en\/wp-json\/wp\/v2\/pages\/29","targetHints":{"allow":["GET"]}}],"collection":[{"href":"https:\/\/dachshundmusic.com\/en\/wp-json\/wp\/v2\/pages"}],"about":[{"href":"https:\/\/dachshundmusic.com\/en\/wp-json\/wp\/v2\/types\/page"}],"author":[{"embeddable":true,"href":"https:\/\/dachshundmusic.com\/en\/wp-json\/wp\/v2\/users\/1"}],"replies":[{"embeddable":true,"href":"https:\/\/dachshundmusic.com\/en\/wp-json\/wp\/v2\/comments?post=29"}],"version-history":[{"count":20,"href":"https:\/\/dachshundmusic.com\/en\/wp-json\/wp\/v2\/pages\/29\/revisions"}],"predecessor-version":[{"id":398,"href":"https:\/\/dachshundmusic.com\/en\/wp-json\/wp\/v2\/pages\/29\/revisions\/398"}],"up":[{"embeddable":true,"href":"https:\/\/dachshundmusic.com\/en\/wp-json\/wp\/v2\/pages\/22"}],"wp:attachment":[{"href":"https:\/\/dachshundmusic.com\/en\/wp-json\/wp\/v2\/media?parent=29"}],"curies":[{"name":"wp","href":"https:\/\/api.w.org\/{rel}","templated":true}]}}